{"id":2518,"date":"2025-12-19T14:59:06","date_gmt":"2025-12-19T14:59:06","guid":{"rendered":"https:\/\/gene-tierney.art\/awards-festivals-and-recognition\/"},"modified":"2026-03-09T13:58:14","modified_gmt":"2026-03-09T13:58:14","slug":"awards-festivals-and-recognition","status":"publish","type":"page","link":"https:\/\/gene-tierney.art\/en\/awards-festivals-and-recognition\/","title":{"rendered":"Awards, festivals and recognition"},"content":{"rendered":"\t\t<div data-elementor-type=\"wp-post\" data-elementor-id=\"2518\" class=\"elementor elementor-2518 elementor-451\">\n\t\t\t\t<div class=\"elementor-element elementor-element-d55d466 e-flex e-con-boxed wpr-particle-no wpr-jarallax-no wpr-parallax-no wpr-sticky-section-no wpr-equal-height-no e-con e-parent\" data-id=\"d55d466\" data-element_type=\"container\" data-e-type=\"container\" data-settings=\"{&quot;background_background&quot;:&quot;classic&quot;}\">\n\t\t\t\t\t<div class=\"e-con-inner\">\n\t\t\t\t<div class=\"elementor-element elementor-element-a22365e animated-slow elementor-invisible elementor-widget elementor-widget-heading\" data-id=\"a22365e\" data-element_type=\"widget\" data-e-type=\"widget\" data-settings=\"{&quot;_animation&quot;:&quot;fadeIn&quot;}\" data-widget_type=\"heading.default\">\n\t\t\t\t\t<h2 class=\"elementor-heading-title elementor-size-default\">Awards, festivals and recognition<\/h2>\t\t\t\t<\/div>\n\t\t\t\t\t<\/div>\n\t\t\t\t<\/div>\n\t\t<div class=\"elementor-element elementor-element-f4bf790 e-con-full e-flex wpr-particle-no wpr-jarallax-no wpr-parallax-no wpr-sticky-section-no wpr-equal-height-no e-con e-parent\" data-id=\"f4bf790\" data-element_type=\"container\" data-e-type=\"container\">\n\t\t\t\t<div class=\"elementor-element elementor-element-4200a55 elementor-widget elementor-widget-text-editor\" data-id=\"4200a55\" data-element_type=\"widget\" data-e-type=\"widget\" data-widget_type=\"text-editor.default\">\n\t\t\t\t\t\t\t\t\t<p>Gene Tierney was not only admired by audiences and critics alike, but also received honors and distinctions that consecrated her star status. Although her career was interrupted by personal trials, her talent never ceased to be recognized. <\/p>\t\t\t\t\t\t\t\t<\/div>\n\t\t\t\t<\/div>\n\t\t<div class=\"elementor-element elementor-element-41462cf e-flex e-con-boxed wpr-particle-no wpr-jarallax-no wpr-parallax-no wpr-sticky-section-no wpr-equal-height-no e-con e-parent\" data-id=\"41462cf\" data-element_type=\"container\" data-e-type=\"container\" data-settings=\"{&quot;background_background&quot;:&quot;classic&quot;,&quot;animation_mobile&quot;:&quot;fadeIn&quot;}\">\n\t\t\t\t\t<div class=\"e-con-inner\">\n\t\t\t\t<div class=\"elementor-element elementor-element-2e23ce1 animated-slow elementor-invisible elementor-widget elementor-widget-heading\" data-id=\"2e23ce1\" data-element_type=\"widget\" data-e-type=\"widget\" data-settings=\"{&quot;_animation&quot;:&quot;fadeIn&quot;}\" data-widget_type=\"heading.default\">\n\t\t\t\t\t<h2 class=\"elementor-heading-title elementor-size-default\">Oscar nomination<\/h2>\t\t\t\t<\/div>\n\t\t\t\t<div class=\"elementor-element elementor-element-75aad32 elementor-widget elementor-widget-text-editor\" data-id=\"75aad32\" data-element_type=\"widget\" data-e-type=\"widget\" data-widget_type=\"text-editor.default\">\n\t\t\t\t\t\t\t\t\t<p>In 1946, Gene Tierney was nominated for a Best Actress Oscar for her unforgettable role as Ellen Berent in Leave Her to Heaven. This Technicolor film, in which she plays a woman consumed by jealousy, remains one of her greatest successes to this day. The press at the time hailed her performance as one of rare intensity.  <\/p>\t\t\t\t\t\t\t\t<\/div>\n\t\t\t\t<div class=\"elementor-element elementor-element-78ee124 elementor-widget elementor-widget-text-editor\" data-id=\"78ee124\" data-element_type=\"widget\" data-e-type=\"widget\" data-widget_type=\"text-editor.default\">\n\t\t\t\t\t\t\t\t\t<p>&#8220;Rarely has an actress embodied both beauty <br>and terror with such subtlety,&#8221; writes the New York Times.<\/p>\t\t\t\t\t\t\t\t<\/div>\n\t\t\t\t\t<\/div>\n\t\t\t\t<\/div>\n\t\t<div class=\"elementor-element elementor-element-d724e45 e-flex e-con-boxed wpr-particle-no wpr-jarallax-no wpr-parallax-no wpr-sticky-section-no wpr-equal-height-no e-con e-parent\" data-id=\"d724e45\" data-element_type=\"container\" data-e-type=\"container\" data-settings=\"{&quot;background_background&quot;:&quot;classic&quot;,&quot;animation_mobile&quot;:&quot;fadeIn&quot;}\">\n\t\t\t\t\t<div class=\"e-con-inner\">\n\t\t\t\t<div class=\"elementor-element elementor-element-06ede68 animated-slow elementor-invisible elementor-widget elementor-widget-heading\" data-id=\"06ede68\" data-element_type=\"widget\" data-e-type=\"widget\" data-settings=\"{&quot;_animation&quot;:&quot;fadeIn&quot;}\" data-widget_type=\"heading.default\">\n\t\t\t\t\t<h2 class=\"elementor-heading-title elementor-size-default\">Golden Globe Henrietta Award<\/h2>\t\t\t\t<\/div>\n\t\t\t\t<div class=\"elementor-element elementor-element-7791594 elementor-widget elementor-widget-text-editor\" data-id=\"7791594\" data-element_type=\"widget\" data-e-type=\"widget\" data-widget_type=\"text-editor.default\">\n\t\t\t\t\t\t\t\t\t<p>In 1986, long after his retirement from the cinema, Gene received the Golden Globe Henrietta Award, which honors stars who have left their mark on the history of world cinema. This belated tribute underlines the extent to which her aura remains intact, even decades after her golden age. <\/p>\t\t\t\t\t\t\t\t<\/div>\n\t\t\t\t\t<\/div>\n\t\t\t\t<\/div>\n\t\t<div class=\"elementor-element elementor-element-df15f42 e-flex e-con-boxed wpr-particle-no wpr-jarallax-no wpr-parallax-no wpr-sticky-section-no wpr-equal-height-no e-con e-parent\" data-id=\"df15f42\" data-element_type=\"container\" data-e-type=\"container\" data-settings=\"{&quot;background_background&quot;:&quot;classic&quot;,&quot;animation_mobile&quot;:&quot;fadeIn&quot;}\">\n\t\t\t\t\t<div class=\"e-con-inner\">\n\t\t\t\t<div class=\"elementor-element elementor-element-7397cc1 animated-slow elementor-invisible elementor-widget elementor-widget-heading\" data-id=\"7397cc1\" data-element_type=\"widget\" data-e-type=\"widget\" data-settings=\"{&quot;_animation&quot;:&quot;fadeIn&quot;}\" data-widget_type=\"heading.default\">\n\t\t\t\t\t<h2 class=\"elementor-heading-title elementor-size-default\">Hollywood Walk of Fame<\/h2>\t\t\t\t<\/div>\n\t\t\t\t<div class=\"elementor-element elementor-element-e8314e8 elementor-widget elementor-widget-text-editor\" data-id=\"e8314e8\" data-element_type=\"widget\" data-e-type=\"widget\" data-widget_type=\"text-editor.default\">\n\t\t\t\t\t\t\t\t\t<p>A star bears her name on Los Angeles&#8217; famous celebrity sidewalk. Located at 6125 Hollywood Boulevard, it has become a place of pilgrimage for her admirers the world over. This distinction symbolizes her eternal place in the pantheon of screen greats.  <\/p>\t\t\t\t\t\t\t\t<\/div>\n\t\t\t\t\t<\/div>\n\t\t\t\t<\/div>\n\t\t<div class=\"elementor-element elementor-element-1a878ce e-flex e-con-boxed wpr-particle-no wpr-jarallax-no wpr-parallax-no wpr-sticky-section-no wpr-equal-height-no e-con e-parent\" data-id=\"1a878ce\" data-element_type=\"container\" data-e-type=\"container\" data-settings=\"{&quot;background_background&quot;:&quot;classic&quot;,&quot;animation_mobile&quot;:&quot;fadeIn&quot;}\">\n\t\t\t\t\t<div class=\"e-con-inner\">\n\t\t\t\t<div class=\"elementor-element elementor-element-efe65a6 animated-slow elementor-invisible elementor-widget elementor-widget-heading\" data-id=\"efe65a6\" data-element_type=\"widget\" data-e-type=\"widget\" data-settings=\"{&quot;_animation&quot;:&quot;fadeIn&quot;}\" data-widget_type=\"heading.default\">\n\t\t\t\t\t<h2 class=\"elementor-heading-title elementor-size-default\">Film festivals<\/h2>\t\t\t\t<\/div>\n\t\t\t\t<div class=\"elementor-element elementor-element-aec4e0b elementor-widget elementor-widget-text-editor\" data-id=\"aec4e0b\" data-element_type=\"widget\" data-e-type=\"widget\" data-widget_type=\"text-editor.default\">\n\t\t\t\t\t\t\t\t\t<p>Gene also took part in major international festivals, demonstrating his influence beyond the United States.<\/p>\t\t\t\t\t\t\t\t<\/div>\n\t\t\t\t<div class=\"elementor-element elementor-element-79140e3 elementor-widget elementor-widget-text-editor\" data-id=\"79140e3\" data-element_type=\"widget\" data-e-type=\"widget\" data-widget_type=\"text-editor.default\">\n\t\t\t\t\t\t\t\t\t<p>Cannes 1951<\/p>\t\t\t\t\t\t\t\t<\/div>\n\t\t\t\t<div class=\"elementor-element elementor-element-c893154 elementor-widget elementor-widget-text-editor\" data-id=\"c893154\" data-element_type=\"widget\" data-e-type=\"widget\" data-widget_type=\"text-editor.default\">\n\t\t\t\t\t\t\t\t\t<p>She lit up the Croisette, dressed in creations by Oleg Cassini, winning the admiration of photographers and the public alike.<\/p>\t\t\t\t\t\t\t\t<\/div>\n\t\t\t\t<div class=\"elementor-element elementor-element-e41fc57 elementor-widget elementor-widget-text-editor\" data-id=\"e41fc57\" data-element_type=\"widget\" data-e-type=\"widget\" data-widget_type=\"text-editor.default\">\n\t\t\t\t\t\t\t\t\t<p>VENICE 1953<\/p>\t\t\t\t\t\t\t\t<\/div>\n\t\t\t\t<div class=\"elementor-element elementor-element-90cf9f6 elementor-widget elementor-widget-text-editor\" data-id=\"90cf9f6\" data-element_type=\"widget\" data-e-type=\"widget\" data-widget_type=\"text-editor.default\">\n\t\t\t\t\t\t\t\t\t<p>Present at the Venice International Film Festival, she confirms her status as an international icon.<\/p>\t\t\t\t\t\t\t\t<\/div>\n\t\t\t\t<div class=\"elementor-element elementor-element-809e87c elementor-widget elementor-widget-text-editor\" data-id=\"809e87c\" data-element_type=\"widget\" data-e-type=\"widget\" data-widget_type=\"text-editor.default\">\n\t\t\t\t\t\t\t\t\t<p>San Sebastian International Film Festival (Donostia) 1986<\/p>\t\t\t\t\t\t\t\t<\/div>\n\t\t\t\t<div class=\"elementor-element elementor-element-af12d0d elementor-widget elementor-widget-text-editor\" data-id=\"af12d0d\" data-element_type=\"widget\" data-e-type=\"widget\" data-widget_type=\"text-editor.default\">\n\t\t\t\t\t\t\t\t\t<p>She lit up the Croisette, dressed in creations by Oleg Cassini, winning the admiration of photographers and the public alike.<\/p>\t\t\t\t\t\t\t\t<\/div>\n\t\t\t\t<div class=\"elementor-element elementor-element-107e983 elementor-widget elementor-widget-text-editor\" data-id=\"107e983\" data-element_type=\"widget\" data-e-type=\"widget\" data-widget_type=\"text-editor.default\">\n\t\t\t\t\t\t\t\t\t<p>Cabourg Romantic Film Festival <br>(France) 1986<\/p>\t\t\t\t\t\t\t\t<\/div>\n\t\t\t\t<div class=\"elementor-element elementor-element-d064eda elementor-widget elementor-widget-text-editor\" data-id=\"d064eda\" data-element_type=\"widget\" data-e-type=\"widget\" data-widget_type=\"text-editor.default\">\n\t\t\t\t\t\t\t\t\t<p>Guest of honor at the festival, appearing on stage at the Cabourg Romantic Film Festival.<\/p>\t\t\t\t\t\t\t\t<\/div>\n\t\t\t\t<div class=\"elementor-element elementor-element-be2c7be elementor-widget elementor-widget-text-editor\" data-id=\"be2c7be\" data-element_type=\"widget\" data-e-type=\"widget\" data-widget_type=\"text-editor.default\">\n\t\t\t\t\t\t\t\t\t<p>Florence Film Festival <br>(Arena di Marte) 2016<\/p>\t\t\t\t\t\t\t\t<\/div>\n\t\t\t\t<div class=\"elementor-element elementor-element-97da41b elementor-widget elementor-widget-text-editor\" data-id=\"97da41b\" data-element_type=\"widget\" data-e-type=\"widget\" data-widget_type=\"text-editor.default\">\n\t\t\t\t\t\t\t\t\t<p>Posthumous tribute. Her films (Heaven Can Wait, Laura, The Ghost and Mrs. Muir) are screened as part of the Gene Tierney Film Fest at Florence&#8217;s Arena di Marte. <\/p>\t\t\t\t\t\t\t\t<\/div>\n\t\t\t\t\t<\/div>\n\t\t\t\t<\/div>\n\t\t<div class=\"elementor-element elementor-element-afcab6e e-flex e-con-boxed wpr-particle-no wpr-jarallax-no wpr-parallax-no wpr-sticky-section-no wpr-equal-height-no e-con e-parent\" data-id=\"afcab6e\" data-element_type=\"container\" data-e-type=\"container\" data-settings=\"{&quot;background_background&quot;:&quot;classic&quot;,&quot;animation_mobile&quot;:&quot;fadeIn&quot;}\">\n\t\t\t\t\t<div class=\"e-con-inner\">\n\t\t\t\t<div class=\"elementor-element elementor-element-af2f3a6 animated-slow elementor-invisible elementor-widget elementor-widget-heading\" data-id=\"af2f3a6\" data-element_type=\"widget\" data-e-type=\"widget\" data-settings=\"{&quot;_animation&quot;:&quot;fadeIn&quot;}\" data-widget_type=\"heading.default\">\n\t\t\t\t\t<h2 class=\"elementor-heading-title elementor-size-default\">Westport Arts Heritage Award in Theatre<\/h2>\t\t\t\t<\/div>\n\t\t\t\t<div class=\"elementor-element elementor-element-ed73dfd elementor-widget elementor-widget-text-editor\" data-id=\"ed73dfd\" data-element_type=\"widget\" data-e-type=\"widget\" data-widget_type=\"text-editor.default\">\n\t\t\t\t\t\t\t\t\t<p data-start=\"172\" data-end=\"415\">In 1998, Gene Tierney received one of eight awards given to past and present artists for lifetime achievement in theater, literature, music, dance and the visual arts.<\/p>\t\t\t\t\t\t\t\t<\/div>\n\t\t\t\t\t<\/div>\n\t\t\t\t<\/div>\n\t\t<div class=\"elementor-element elementor-element-256f57e e-flex e-con-boxed wpr-particle-no wpr-jarallax-no wpr-parallax-no wpr-sticky-section-no wpr-equal-height-no e-con e-parent\" data-id=\"256f57e\" data-element_type=\"container\" data-e-type=\"container\" data-settings=\"{&quot;background_background&quot;:&quot;classic&quot;,&quot;animation_mobile&quot;:&quot;fadeIn&quot;}\">\n\t\t\t\t\t<div class=\"e-con-inner\">\n\t\t\t\t<div class=\"elementor-element elementor-element-7c3c662 animated-slow elementor-invisible elementor-widget elementor-widget-heading\" data-id=\"7c3c662\" data-element_type=\"widget\" data-e-type=\"widget\" data-settings=\"{&quot;_animation&quot;:&quot;fadeIn&quot;}\" data-widget_type=\"heading.default\">\n\t\t\t\t\t<h2 class=\"elementor-heading-title elementor-size-default\">Critical recognition <br>and heritage<\/h2>\t\t\t\t<\/div>\n\t\t\t\t<div class=\"elementor-element elementor-element-ed147f6 elementor-widget elementor-widget-text-editor\" data-id=\"ed147f6\" data-element_type=\"widget\" data-e-type=\"widget\" data-widget_type=\"text-editor.default\">\n\t\t\t\t\t\t\t\t\t<p>Even after her retirement, Gene Tierney continues to be cited as a benchmark by filmmakers and actors alike. Martin Scorsese calls her &#8220;one of the most fascinating actresses in American cinema&#8221;, while Catherine Deneuve confesses to having been influenced by her grace and mystery. Her presence in retrospectives at the Cin\u00e9math\u00e8que Fran\u00e7aise, the BFI and MoMA testifies to a recognition that spans generations.  <\/p>\t\t\t\t\t\t\t\t<\/div>\n\t\t\t\t<div class=\"elementor-element elementor-element-f5bf7cb elementor-widget elementor-widget-text-editor\" data-id=\"f5bf7cb\" data-element_type=\"widget\" data-e-type=\"widget\" data-widget_type=\"text-editor.default\">\n\t\t\t\t\t\t\t\t\t<p>&#8220;She was the tragic beauty of classic cinema, <br>and her name still resonates like a perfume of eternity.&#8221; <br>&#8211; Martin Scorsese. <\/p>\t\t\t\t\t\t\t\t<\/div>\n\t\t\t\t<div class=\"elementor-element elementor-element-c38c2e4 elementor-widget elementor-widget-image\" data-id=\"c38c2e4\" data-element_type=\"widget\" data-e-type=\"widget\" data-widget_type=\"image.default\">\n\t\t\t\t\t\t\t\t\t\t\t\t\t\t\t<img fetchpriority=\"high\" decoding=\"async\" width=\"800\" height=\"533\" src=\"https:\/\/gene-tierney.art\/wp-content\/uploads\/2025\/12\/walkoffame_gene_tierney.jpg\" class=\"attachment-large size-large wp-image-2522\" alt=\"Distinctions walk of fame gene tierney\" srcset=\"https:\/\/gene-tierney.art\/wp-content\/uploads\/2025\/12\/walkoffame_gene_tierney.jpg 800w, https:\/\/gene-tierney.art\/wp-content\/uploads\/2025\/12\/walkoffame_gene_tierney-300x200.jpg 300w, https:\/\/gene-tierney.art\/wp-content\/uploads\/2025\/12\/walkoffame_gene_tierney-768x512.jpg 768w, https:\/\/gene-tierney.art\/wp-content\/uploads\/2025\/12\/walkoffame_gene_tierney-500x333.jpg 500w\" sizes=\"(max-width: 800px) 100vw, 800px\" \/>\t\t\t\t\t\t\t\t\t\t\t\t\t\t\t<\/div>\n\t\t\t\t\t<\/div>\n\t\t\t\t<\/div>\n\t\t\t\t<\/div>\n\t\t","protected":false},"excerpt":{"rendered":"<p>Awards, festivals and recognition Gene Tierney was not only admired by audiences and critics alike, but also received honors and distinctions that consecrated her star status. Although her career was interrupted by personal trials, her talent never ceased to be recognized. Oscar nomination In 1946, Gene Tierney was nominated for a Best Actress Oscar for her unforgettable role as Ellen Berent in Leave Her to Heaven. This Technicolor film, in which she plays a woman consumed by jealousy, remains one of her greatest successes to this day. The press at the time hailed her performance as one of rare intensity. &#8220;Rarely has an actress embodied both beauty and terror with such subtlety,&#8221; writes the New York Times. Golden Globe Henrietta Award In 1986, long after his retirement from the cinema, Gene received the Golden Globe Henrietta Award, which honors stars who have left their mark on the history of world cinema. This belated tribute underlines the extent to which her aura remains intact, even decades after her golden age. Hollywood Walk of Fame A star bears her name on Los Angeles&#8217; famous celebrity sidewalk. Located at 6125 Hollywood Boulevard, it has become a place of pilgrimage for her admirers the world over. This distinction symbolizes her eternal place in the pantheon of screen greats. Film festivals Gene also took part in major international festivals, demonstrating his influence beyond the United States. Cannes 1951 She lit up the Croisette, dressed in creations by Oleg Cassini, winning the admiration of photographers and the public alike. VENICE 1953 Present at the Venice International Film Festival, she confirms her status as an international icon. San Sebastian International Film Festival (Donostia) 1986 She lit up the Croisette, dressed in creations by Oleg Cassini, winning the admiration of photographers and the public alike. Cabourg Romantic Film Festival (France) 1986 Guest of honor at the festival, appearing on stage at the Cabourg Romantic Film Festival. Florence Film Festival (Arena di Marte) 2016 Posthumous tribute. Her films (Heaven Can Wait, Laura, The Ghost and Mrs. Muir) are screened as part of the Gene Tierney Film Fest at Florence&#8217;s Arena di Marte. Westport Arts Heritage Award in Theatre In 1998, Gene Tierney received one of eight awards given to past and present artists for lifetime achievement in theater, literature, music, dance and the visual arts. Critical recognition and heritage Even after her retirement, Gene Tierney continues to be cited as a benchmark by filmmakers and actors alike. Martin Scorsese calls her &#8220;one of the most fascinating actresses in American cinema&#8221;, while Catherine Deneuve confesses to having been influenced by her grace and mystery. Her presence in retrospectives at the Cin\u00e9math\u00e8que Fran\u00e7aise, the BFI and MoMA testifies to a recognition that spans generations. &#8220;She was the tragic beauty of classic cinema, and her name still resonates like a perfume of eternity.&#8221; &#8211; Martin Scorsese.<\/p>\n","protected":false},"author":1,"featured_media":2448,"parent":0,"menu_order":0,"comment_status":"closed","ping_status":"closed","template":"","meta":{"inline_featured_image":false,"_vp_format_video_url":"","_vp_image_focal_point":[],"footnotes":""},"class_list":["post-2518","page","type-page","status-publish","has-post-thumbnail","hentry"],"_links":{"self":[{"href":"https:\/\/gene-tierney.art\/en\/wp-json\/wp\/v2\/pages\/2518","targetHints":{"allow":["GET"]}}],"collection":[{"href":"https:\/\/gene-tierney.art\/en\/wp-json\/wp\/v2\/pages"}],"about":[{"href":"https:\/\/gene-tierney.art\/en\/wp-json\/wp\/v2\/types\/page"}],"author":[{"embeddable":true,"href":"https:\/\/gene-tierney.art\/en\/wp-json\/wp\/v2\/users\/1"}],"replies":[{"embeddable":true,"href":"https:\/\/gene-tierney.art\/en\/wp-json\/wp\/v2\/comments?post=2518"}],"version-history":[{"count":3,"href":"https:\/\/gene-tierney.art\/en\/wp-json\/wp\/v2\/pages\/2518\/revisions"}],"predecessor-version":[{"id":3253,"href":"https:\/\/gene-tierney.art\/en\/wp-json\/wp\/v2\/pages\/2518\/revisions\/3253"}],"wp:featuredmedia":[{"embeddable":true,"href":"https:\/\/gene-tierney.art\/en\/wp-json\/wp\/v2\/media\/2448"}],"wp:attachment":[{"href":"https:\/\/gene-tierney.art\/en\/wp-json\/wp\/v2\/media?parent=2518"}],"curies":[{"name":"wp","href":"https:\/\/api.w.org\/{rel}","templated":true}]}}