{"id":2040,"date":"2025-12-24T10:57:56","date_gmt":"2025-12-24T10:57:56","guid":{"rendered":"https:\/\/gene-tierney.art\/sobre-nosotros\/"},"modified":"2026-02-16T09:18:23","modified_gmt":"2026-02-16T09:18:23","slug":"sobre-nosotros","status":"publish","type":"page","link":"https:\/\/gene-tierney.art\/es\/sobre-nosotros\/","title":{"rendered":"Sobre nosotros"},"content":{"rendered":"\t\t<div data-elementor-type=\"wp-post\" data-elementor-id=\"2040\" class=\"elementor elementor-2040 elementor-1370\">\n\t\t\t\t<div class=\"elementor-element elementor-element-d55d466 e-flex e-con-boxed wpr-particle-no wpr-jarallax-no wpr-parallax-no wpr-sticky-section-no wpr-equal-height-no e-con e-parent\" data-id=\"d55d466\" data-element_type=\"container\" data-e-type=\"container\" data-settings=\"{&quot;background_background&quot;:&quot;classic&quot;}\">\n\t\t\t\t\t<div class=\"e-con-inner\">\n\t\t\t\t<div class=\"elementor-element elementor-element-a22365e animated-slow elementor-invisible elementor-widget elementor-widget-heading\" data-id=\"a22365e\" data-element_type=\"widget\" data-e-type=\"widget\" data-settings=\"{&quot;_animation&quot;:&quot;fadeIn&quot;}\" data-widget_type=\"heading.default\">\n\t\t\t\t\t<h2 class=\"elementor-heading-title elementor-size-default\">SOBRE NOSOTROS<\/h2>\t\t\t\t<\/div>\n\t\t\t\t\t<\/div>\n\t\t\t\t<\/div>\n\t\t<div class=\"elementor-element elementor-element-41462cf e-flex e-con-boxed wpr-particle-no wpr-jarallax-no wpr-parallax-no wpr-sticky-section-no wpr-equal-height-no e-con e-parent\" data-id=\"41462cf\" data-element_type=\"container\" data-e-type=\"container\" data-settings=\"{&quot;background_background&quot;:&quot;classic&quot;,&quot;animation_mobile&quot;:&quot;fadeIn&quot;}\">\n\t\t\t\t\t<div class=\"e-con-inner\">\n\t\t\t\t<div class=\"elementor-element elementor-element-2e23ce1 animated-slow elementor-invisible elementor-widget elementor-widget-heading\" data-id=\"2e23ce1\" data-element_type=\"widget\" data-e-type=\"widget\" data-settings=\"{&quot;_animation&quot;:&quot;fadeIn&quot;}\" data-widget_type=\"heading.default\">\n\t\t\t\t\t<h3 class=\"elementor-heading-title elementor-size-default\">En honor de Gene, Daria y Tina.<\/h3>\t\t\t\t<\/div>\n\t\t\t\t<div class=\"elementor-element elementor-element-ef795fb elementor-widget elementor-widget-text-editor\" data-id=\"ef795fb\" data-element_type=\"widget\" data-e-type=\"widget\" data-widget_type=\"text-editor.default\">\n\t\t\t\t\t\t\t\t\t<p style=\"text-align: center;\"><span style=\"color: #333333;\">Cada miembro de nuestra familia tiene una historia \u00fanica que contar. Un viaje que a veces es luminoso, a veces doloroso, a menudo ambas cosas, pero siempre seminal. Estas historias dan forma a quienes las heredan, influyendo en sus elecciones, alimentando su identidad y, conscientemente o no, d\u00e1ndoles la fuerza para atreverse.<\/span><\/p><p>Este sitio naci\u00f3 del deseo de transformar una historia familiar excepcional en <a href=\"https:\/\/gene-tierney.art\/biographie-de-gene-tierney\/\">un legado<\/a> vivo. Una herencia que se transmite, no para congelar el pasado, sino para recordar a las generaciones futuras que su destino puede ser extraordinario y que la confianza en uno mismo tambi\u00e9n se construye sobre los que nos precedieron.<\/p><p>Adem\u00e1s de recordar a un <a href=\"https:\/\/gene-tierney.art\/icone-cinema\/\">icono del cine<\/a> de los a\u00f1os 40 y 50, este proyecto pretende sobre todo honrar la carrera de una mujer excepcional. Una mujer marcada por las dificultades, guiada por la bondad, la generosidad y una profunda determinaci\u00f3n, valores que transmiti\u00f3 a sus hijas y que siguen resonando hoy en d\u00eda.<\/p><p>Este espacio es un legado digital, accesible a los entusiastas del cine, a quienes buscan caminos aut\u00e9nticos, serpenteantes e inspiradores, y a los miembros de nuestra familia, ahora y en el futuro.<\/p>\t\t\t\t\t\t\t\t<\/div>\n\t\t\t\t<div class=\"elementor-element elementor-element-e41bdf6 elementor-align-center elementor-widget elementor-widget-button\" data-id=\"e41bdf6\" data-element_type=\"widget\" data-e-type=\"widget\" data-widget_type=\"button.default\">\n\t\t\t\t\t\t\t\t\t\t<a class=\"elementor-button elementor-button-link elementor-size-sm\" href=\"https:\/\/gene-tierney.art\/es\/?page_id=2085\">\n\t\t\t\t\t\t<span class=\"elementor-button-content-wrapper\">\n\t\t\t\t\t\t\t\t\t<span class=\"elementor-button-text\">CONT\u00c1CTANOS<\/span>\n\t\t\t\t\t<\/span>\n\t\t\t\t\t<\/a>\n\t\t\t\t\t\t\t\t<\/div>\n\t\t\t\t\t<\/div>\n\t\t\t\t<\/div>\n\t\t\t\t<\/div>\n\t\t","protected":false},"excerpt":{"rendered":"<p>SOBRE NOSOTROS En honor de Gene, Daria y Tina. Cada miembro de nuestra familia tiene una historia \u00fanica que contar. Un viaje que a veces es luminoso, a veces doloroso, a menudo ambas cosas, pero siempre seminal. Estas historias dan forma a quienes las heredan, influyendo en sus elecciones, alimentando su identidad y, conscientemente o no, d\u00e1ndoles la fuerza para atreverse. Este sitio naci\u00f3 del deseo de transformar una historia familiar excepcional en un legado vivo. Una herencia que se transmite, no para congelar el pasado, sino para recordar a las generaciones futuras que su destino puede ser extraordinario y que la confianza en uno mismo tambi\u00e9n se construye sobre los que nos precedieron. Adem\u00e1s de recordar a un icono del cine de los a\u00f1os 40 y 50, este proyecto pretende sobre todo honrar la carrera de una mujer excepcional. Una mujer marcada por las dificultades, guiada por la bondad, la generosidad y una profunda determinaci\u00f3n, valores que transmiti\u00f3 a sus hijas y que siguen resonando hoy en d\u00eda. Este espacio es un legado digital, accesible a los entusiastas del cine, a quienes buscan caminos aut\u00e9nticos, serpenteantes e inspiradores, y a los miembros de nuestra familia, ahora y en el futuro. CONT\u00c1CTANOS<\/p>\n","protected":false},"author":1,"featured_media":2041,"parent":0,"menu_order":0,"comment_status":"closed","ping_status":"closed","template":"","meta":{"inline_featured_image":false,"_vp_format_video_url":"","_vp_image_focal_point":[],"footnotes":""},"class_list":["post-2040","page","type-page","status-publish","has-post-thumbnail","hentry"],"_links":{"self":[{"href":"https:\/\/gene-tierney.art\/es\/wp-json\/wp\/v2\/pages\/2040","targetHints":{"allow":["GET"]}}],"collection":[{"href":"https:\/\/gene-tierney.art\/es\/wp-json\/wp\/v2\/pages"}],"about":[{"href":"https:\/\/gene-tierney.art\/es\/wp-json\/wp\/v2\/types\/page"}],"author":[{"embeddable":true,"href":"https:\/\/gene-tierney.art\/es\/wp-json\/wp\/v2\/users\/1"}],"replies":[{"embeddable":true,"href":"https:\/\/gene-tierney.art\/es\/wp-json\/wp\/v2\/comments?post=2040"}],"version-history":[{"count":3,"href":"https:\/\/gene-tierney.art\/es\/wp-json\/wp\/v2\/pages\/2040\/revisions"}],"predecessor-version":[{"id":3197,"href":"https:\/\/gene-tierney.art\/es\/wp-json\/wp\/v2\/pages\/2040\/revisions\/3197"}],"wp:featuredmedia":[{"embeddable":true,"href":"https:\/\/gene-tierney.art\/es\/wp-json\/wp\/v2\/media\/2041"}],"wp:attachment":[{"href":"https:\/\/gene-tierney.art\/es\/wp-json\/wp\/v2\/media?parent=2040"}],"curies":[{"name":"wp","href":"https:\/\/api.w.org\/{rel}","templated":true}]}}