{"id":2208,"date":"2025-12-19T14:59:06","date_gmt":"2025-12-19T14:59:06","guid":{"rendered":"https:\/\/gene-tierney.art\/premios-festivales-y-reconocimientos\/"},"modified":"2026-03-09T17:39:51","modified_gmt":"2026-03-09T17:39:51","slug":"premios-festivales-y-reconocimientos","status":"publish","type":"page","link":"https:\/\/gene-tierney.art\/es\/premios-festivales-y-reconocimientos\/","title":{"rendered":"Premios, festivales y reconocimientos"},"content":{"rendered":"\t\t<div data-elementor-type=\"wp-post\" data-elementor-id=\"2208\" class=\"elementor elementor-2208 elementor-451\">\n\t\t\t\t<div class=\"elementor-element elementor-element-d55d466 e-flex e-con-boxed wpr-particle-no wpr-jarallax-no wpr-parallax-no wpr-sticky-section-no wpr-equal-height-no e-con e-parent\" data-id=\"d55d466\" data-element_type=\"container\" data-e-type=\"container\" data-settings=\"{&quot;background_background&quot;:&quot;classic&quot;}\">\n\t\t\t\t\t<div class=\"e-con-inner\">\n\t\t\t\t<div class=\"elementor-element elementor-element-a22365e animated-slow elementor-invisible elementor-widget elementor-widget-heading\" data-id=\"a22365e\" data-element_type=\"widget\" data-e-type=\"widget\" data-settings=\"{&quot;_animation&quot;:&quot;fadeIn&quot;}\" data-widget_type=\"heading.default\">\n\t\t\t\t\t<h2 class=\"elementor-heading-title elementor-size-default\">Premios, festivales y reconocimientos<\/h2>\t\t\t\t<\/div>\n\t\t\t\t\t<\/div>\n\t\t\t\t<\/div>\n\t\t<div class=\"elementor-element elementor-element-f4bf790 e-con-full e-flex wpr-particle-no wpr-jarallax-no wpr-parallax-no wpr-sticky-section-no wpr-equal-height-no e-con e-parent\" data-id=\"f4bf790\" data-element_type=\"container\" data-e-type=\"container\">\n\t\t\t\t<div class=\"elementor-element elementor-element-4200a55 elementor-widget elementor-widget-text-editor\" data-id=\"4200a55\" data-element_type=\"widget\" data-e-type=\"widget\" data-widget_type=\"text-editor.default\">\n\t\t\t\t\t\t\t\t\t<p>Gene Tierney no s\u00f3lo fue admirada por el p\u00fablico y la cr\u00edtica, sino que tambi\u00e9n recibi\u00f3 distinciones y honores que la consagraron como estrella. Aunque su carrera se vio interrumpida por sus pruebas personales, su talento nunca dej\u00f3 de ser reconocido. <\/p>\t\t\t\t\t\t\t\t<\/div>\n\t\t\t\t<\/div>\n\t\t<div class=\"elementor-element elementor-element-41462cf e-flex e-con-boxed wpr-particle-no wpr-jarallax-no wpr-parallax-no wpr-sticky-section-no wpr-equal-height-no e-con e-parent\" data-id=\"41462cf\" data-element_type=\"container\" data-e-type=\"container\" data-settings=\"{&quot;background_background&quot;:&quot;classic&quot;,&quot;animation_mobile&quot;:&quot;fadeIn&quot;}\">\n\t\t\t\t\t<div class=\"e-con-inner\">\n\t\t\t\t<div class=\"elementor-element elementor-element-2e23ce1 animated-slow elementor-invisible elementor-widget elementor-widget-heading\" data-id=\"2e23ce1\" data-element_type=\"widget\" data-e-type=\"widget\" data-settings=\"{&quot;_animation&quot;:&quot;fadeIn&quot;}\" data-widget_type=\"heading.default\">\n\t\t\t\t\t<h2 class=\"elementor-heading-title elementor-size-default\">Nominaci\u00f3n al Oscar<\/h2>\t\t\t\t<\/div>\n\t\t\t\t<div class=\"elementor-element elementor-element-75aad32 elementor-widget elementor-widget-text-editor\" data-id=\"75aad32\" data-element_type=\"widget\" data-e-type=\"widget\" data-widget_type=\"text-editor.default\">\n\t\t\t\t\t\t\t\t\t<p>En 1946, Gene Tierney fue nominada al Oscar a la Mejor Actriz por su inolvidable papel de Ellen Berent en D\u00e9jala en el Cielo. Esta pel\u00edcula en Technicolor, en la que interpretaba a una mujer consumida por los celos, sigue siendo uno de sus mayores \u00e9xitos. La prensa de la \u00e9poca elogi\u00f3 su interpretaci\u00f3n como de una intensidad poco com\u00fan.  <\/p>\t\t\t\t\t\t\t\t<\/div>\n\t\t\t\t<div class=\"elementor-element elementor-element-78ee124 elementor-widget elementor-widget-text-editor\" data-id=\"78ee124\" data-element_type=\"widget\" data-e-type=\"widget\" data-widget_type=\"text-editor.default\">\n\t\t\t\t\t\t\t\t\t<p>\u00abPocas veces una actriz ha encarnado tanto la belleza <br>como el terror con tanta sutileza\u00bb, escribe el New York Times.<\/p>\t\t\t\t\t\t\t\t<\/div>\n\t\t\t\t\t<\/div>\n\t\t\t\t<\/div>\n\t\t<div class=\"elementor-element elementor-element-d724e45 e-flex e-con-boxed wpr-particle-no wpr-jarallax-no wpr-parallax-no wpr-sticky-section-no wpr-equal-height-no e-con e-parent\" data-id=\"d724e45\" data-element_type=\"container\" data-e-type=\"container\" data-settings=\"{&quot;background_background&quot;:&quot;classic&quot;,&quot;animation_mobile&quot;:&quot;fadeIn&quot;}\">\n\t\t\t\t\t<div class=\"e-con-inner\">\n\t\t\t\t<div class=\"elementor-element elementor-element-06ede68 animated-slow elementor-invisible elementor-widget elementor-widget-heading\" data-id=\"06ede68\" data-element_type=\"widget\" data-e-type=\"widget\" data-settings=\"{&quot;_animation&quot;:&quot;fadeIn&quot;}\" data-widget_type=\"heading.default\">\n\t\t\t\t\t<h2 class=\"elementor-heading-title elementor-size-default\">Premio Henrietta de los Globos de Oro<\/h2>\t\t\t\t<\/div>\n\t\t\t\t<div class=\"elementor-element elementor-element-7791594 elementor-widget elementor-widget-text-editor\" data-id=\"7791594\" data-element_type=\"widget\" data-e-type=\"widget\" data-widget_type=\"text-editor.default\">\n\t\t\t\t\t\t\t\t\t<p>En 1986, mucho despu\u00e9s de su retirada del cine, Gene recibi\u00f3 el Premio Henrietta del Globo de Oro, que honra a las estrellas que han dejado su huella en la historia del cine mundial. Este homenaje tard\u00edo subraya hasta qu\u00e9 punto su aura permanece intacta, incluso d\u00e9cadas despu\u00e9s de su \u00e9poca dorada. <\/p>\t\t\t\t\t\t\t\t<\/div>\n\t\t\t\t\t<\/div>\n\t\t\t\t<\/div>\n\t\t<div class=\"elementor-element elementor-element-df15f42 e-flex e-con-boxed wpr-particle-no wpr-jarallax-no wpr-parallax-no wpr-sticky-section-no wpr-equal-height-no e-con e-parent\" data-id=\"df15f42\" data-element_type=\"container\" data-e-type=\"container\" data-settings=\"{&quot;background_background&quot;:&quot;classic&quot;,&quot;animation_mobile&quot;:&quot;fadeIn&quot;}\">\n\t\t\t\t\t<div class=\"e-con-inner\">\n\t\t\t\t<div class=\"elementor-element elementor-element-7397cc1 animated-slow elementor-invisible elementor-widget elementor-widget-heading\" data-id=\"7397cc1\" data-element_type=\"widget\" data-e-type=\"widget\" data-settings=\"{&quot;_animation&quot;:&quot;fadeIn&quot;}\" data-widget_type=\"heading.default\">\n\t\t\t\t\t<h2 class=\"elementor-heading-title elementor-size-default\">Paseo de la Fama de Hollywood<\/h2>\t\t\t\t<\/div>\n\t\t\t\t<div class=\"elementor-element elementor-element-e8314e8 elementor-widget elementor-widget-text-editor\" data-id=\"e8314e8\" data-element_type=\"widget\" data-e-type=\"widget\" data-widget_type=\"text-editor.default\">\n\t\t\t\t\t\t\t\t\t<p>Una estrella lleva su nombre en la famosa Paseo de la Fama de Hollywood de Los \u00c1ngeles. Situada en el 6125 de Hollywood Boulevard, se ha convertido en un lugar de peregrinaci\u00f3n para sus admiradores de todo el mundo. Esta distinci\u00f3n simboliza su lugar eterno en el pante\u00f3n de las grandes figuras de la pantalla.  <\/p>\t\t\t\t\t\t\t\t<\/div>\n\t\t\t\t\t<\/div>\n\t\t\t\t<\/div>\n\t\t<div class=\"elementor-element elementor-element-1a878ce e-flex e-con-boxed wpr-particle-no wpr-jarallax-no wpr-parallax-no wpr-sticky-section-no wpr-equal-height-no e-con e-parent\" data-id=\"1a878ce\" data-element_type=\"container\" data-e-type=\"container\" data-settings=\"{&quot;background_background&quot;:&quot;classic&quot;,&quot;animation_mobile&quot;:&quot;fadeIn&quot;}\">\n\t\t\t\t\t<div class=\"e-con-inner\">\n\t\t\t\t<div class=\"elementor-element elementor-element-efe65a6 animated-slow elementor-invisible elementor-widget elementor-widget-heading\" data-id=\"efe65a6\" data-element_type=\"widget\" data-e-type=\"widget\" data-settings=\"{&quot;_animation&quot;:&quot;fadeIn&quot;}\" data-widget_type=\"heading.default\">\n\t\t\t\t\t<h2 class=\"elementor-heading-title elementor-size-default\">Festivales de cine<\/h2>\t\t\t\t<\/div>\n\t\t\t\t<div class=\"elementor-element elementor-element-aec4e0b elementor-widget elementor-widget-text-editor\" data-id=\"aec4e0b\" data-element_type=\"widget\" data-e-type=\"widget\" data-widget_type=\"text-editor.default\">\n\t\t\t\t\t\t\t\t\t<p>Gene tambi\u00e9n particip\u00f3 en importantes festivales internacionales, demostrando su influencia m\u00e1s all\u00e1 de Estados Unidos.<\/p>\t\t\t\t\t\t\t\t<\/div>\n\t\t\t\t<div class=\"elementor-element elementor-element-79140e3 elementor-widget elementor-widget-text-editor\" data-id=\"79140e3\" data-element_type=\"widget\" data-e-type=\"widget\" data-widget_type=\"text-editor.default\">\n\t\t\t\t\t\t\t\t\t<p>Cannes 1951<\/p>\t\t\t\t\t\t\t\t<\/div>\n\t\t\t\t<div class=\"elementor-element elementor-element-c893154 elementor-widget elementor-widget-text-editor\" data-id=\"c893154\" data-element_type=\"widget\" data-e-type=\"widget\" data-widget_type=\"text-editor.default\">\n\t\t\t\t\t\t\t\t\t<p>Ilumin\u00f3 la Croisette, vestida con las creaciones de Oleg Cassini, gan\u00e1ndose la admiraci\u00f3n de los fot\u00f3grafos y del p\u00fablico.<\/p>\t\t\t\t\t\t\t\t<\/div>\n\t\t\t\t<div class=\"elementor-element elementor-element-e41fc57 elementor-widget elementor-widget-text-editor\" data-id=\"e41fc57\" data-element_type=\"widget\" data-e-type=\"widget\" data-widget_type=\"text-editor.default\">\n\t\t\t\t\t\t\t\t\t<p>VENECIA 1953<\/p>\t\t\t\t\t\t\t\t<\/div>\n\t\t\t\t<div class=\"elementor-element elementor-element-90cf9f6 elementor-widget elementor-widget-text-editor\" data-id=\"90cf9f6\" data-element_type=\"widget\" data-e-type=\"widget\" data-widget_type=\"text-editor.default\">\n\t\t\t\t\t\t\t\t\t<p>Presente en el Festival Internacional de Cine de Venecia, confirm\u00f3 su estatus de icono internacional.<\/p>\t\t\t\t\t\t\t\t<\/div>\n\t\t\t\t<div class=\"elementor-element elementor-element-809e87c elementor-widget elementor-widget-text-editor\" data-id=\"809e87c\" data-element_type=\"widget\" data-e-type=\"widget\" data-widget_type=\"text-editor.default\">\n\t\t\t\t\t\t\t\t\t<p>Festival Internacional de Cine de San Sebasti\u00e1n (Donostia) 1986<\/p>\t\t\t\t\t\t\t\t<\/div>\n\t\t\t\t<div class=\"elementor-element elementor-element-af12d0d elementor-widget elementor-widget-text-editor\" data-id=\"af12d0d\" data-element_type=\"widget\" data-e-type=\"widget\" data-widget_type=\"text-editor.default\">\n\t\t\t\t\t\t\t\t\t<p>Ilumin\u00f3 la Croisette, vestida con las creaciones de Oleg Cassini, gan\u00e1ndose la admiraci\u00f3n de los fot\u00f3grafos y del p\u00fablico.<\/p>\t\t\t\t\t\t\t\t<\/div>\n\t\t\t\t<div class=\"elementor-element elementor-element-107e983 elementor-widget elementor-widget-text-editor\" data-id=\"107e983\" data-element_type=\"widget\" data-e-type=\"widget\" data-widget_type=\"text-editor.default\">\n\t\t\t\t\t\t\t\t\t<p>Festival de Cine Rom\u00e1ntico de Cabourg <br>(Francia) 1986<\/p>\t\t\t\t\t\t\t\t<\/div>\n\t\t\t\t<div class=\"elementor-element elementor-element-d064eda elementor-widget elementor-widget-text-editor\" data-id=\"d064eda\" data-element_type=\"widget\" data-e-type=\"widget\" data-widget_type=\"text-editor.default\">\n\t\t\t\t\t\t\t\t\t<p>Invitada de honor en el Festival de Cine Rom\u00e1ntico de Cabourg.<\/p>\t\t\t\t\t\t\t\t<\/div>\n\t\t\t\t<div class=\"elementor-element elementor-element-be2c7be elementor-widget elementor-widget-text-editor\" data-id=\"be2c7be\" data-element_type=\"widget\" data-e-type=\"widget\" data-widget_type=\"text-editor.default\">\n\t\t\t\t\t\t\t\t\t<p>Festival de Cine de Florencia <br>(Arena di Marte) 2016<\/p>\t\t\t\t\t\t\t\t<\/div>\n\t\t\t\t<div class=\"elementor-element elementor-element-97da41b elementor-widget elementor-widget-text-editor\" data-id=\"97da41b\" data-element_type=\"widget\" data-e-type=\"widget\" data-widget_type=\"text-editor.default\">\n\t\t\t\t\t\t\t\t\t<p>Homenaje p\u00f3stumo. Sus pel\u00edculas (El cielo puede esperar, Laura, El fantasma y la Sra. Muir) se proyectaron en el marco del Gene Tierney Film Fest en la Arena di Marte de Florencia. <\/p>\t\t\t\t\t\t\t\t<\/div>\n\t\t\t\t\t<\/div>\n\t\t\t\t<\/div>\n\t\t<div class=\"elementor-element elementor-element-afcab6e e-flex e-con-boxed wpr-particle-no wpr-jarallax-no wpr-parallax-no wpr-sticky-section-no wpr-equal-height-no e-con e-parent\" data-id=\"afcab6e\" data-element_type=\"container\" data-e-type=\"container\" data-settings=\"{&quot;background_background&quot;:&quot;classic&quot;,&quot;animation_mobile&quot;:&quot;fadeIn&quot;}\">\n\t\t\t\t\t<div class=\"e-con-inner\">\n\t\t\t\t<div class=\"elementor-element elementor-element-af2f3a6 animated-slow elementor-invisible elementor-widget elementor-widget-heading\" data-id=\"af2f3a6\" data-element_type=\"widget\" data-e-type=\"widget\" data-settings=\"{&quot;_animation&quot;:&quot;fadeIn&quot;}\" data-widget_type=\"heading.default\">\n\t\t\t\t\t<h2 class=\"elementor-heading-title elementor-size-default\">Premio Westport Arts Heritage de Teatro<\/h2>\t\t\t\t<\/div>\n\t\t\t\t<div class=\"elementor-element elementor-element-ed73dfd elementor-widget elementor-widget-text-editor\" data-id=\"ed73dfd\" data-element_type=\"widget\" data-e-type=\"widget\" data-widget_type=\"text-editor.default\">\n\t\t\t\t\t\t\t\t\t<p data-start=\"172\" data-end=\"415\">En 1998, Gene Tierney recibi\u00f3 uno de los ocho premios concedidos a artistas pasados o presentes por su trayectoria en los campos del teatro, la literatura, la m\u00fasica, la danza y las artes visuales.<\/p>\t\t\t\t\t\t\t\t<\/div>\n\t\t\t\t\t<\/div>\n\t\t\t\t<\/div>\n\t\t<div class=\"elementor-element elementor-element-256f57e e-flex e-con-boxed wpr-particle-no wpr-jarallax-no wpr-parallax-no wpr-sticky-section-no wpr-equal-height-no e-con e-parent\" data-id=\"256f57e\" data-element_type=\"container\" data-e-type=\"container\" data-settings=\"{&quot;background_background&quot;:&quot;classic&quot;,&quot;animation_mobile&quot;:&quot;fadeIn&quot;}\">\n\t\t\t\t\t<div class=\"e-con-inner\">\n\t\t\t\t<div class=\"elementor-element elementor-element-7c3c662 animated-slow elementor-invisible elementor-widget elementor-widget-heading\" data-id=\"7c3c662\" data-element_type=\"widget\" data-e-type=\"widget\" data-settings=\"{&quot;_animation&quot;:&quot;fadeIn&quot;}\" data-widget_type=\"heading.default\">\n\t\t\t\t\t<h2 class=\"elementor-heading-title elementor-size-default\">Reconocimiento cr\u00edtico <br>y patrimonio<\/h2>\t\t\t\t<\/div>\n\t\t\t\t<div class=\"elementor-element elementor-element-ed147f6 elementor-widget elementor-widget-text-editor\" data-id=\"ed147f6\" data-element_type=\"widget\" data-e-type=\"widget\" data-widget_type=\"text-editor.default\">\n\t\t\t\t\t\t\t\t\t<p>Incluso despu\u00e9s de su jubilaci\u00f3n, Gene Tierney sigue siendo citada como referencia por cineastas y actores por igual. Martin Scorsese dice que fue \u00abuna de las actrices m\u00e1s fascinantes del cine americano\u00bb, mientras que Catherine Deneuve afirma que se vio influida por su gracia y misterio. Su presencia en retrospectivas de la Cinemateca Francesa, el BFI y el MoMA atestigua un reconocimiento que trasciende generaciones.  <\/p>\t\t\t\t\t\t\t\t<\/div>\n\t\t\t\t<div class=\"elementor-element elementor-element-f5bf7cb elementor-widget elementor-widget-text-editor\" data-id=\"f5bf7cb\" data-element_type=\"widget\" data-e-type=\"widget\" data-widget_type=\"text-editor.default\">\n\t\t\t\t\t\t\t\t\t<p>\u00abEra la belleza tr\u00e1gica del cine cl\u00e1sico, <br>, y su nombre a\u00fan resuena como un perfume de eternidad\u00bb. <br>&#8211; Martin Scorsese. <\/p>\t\t\t\t\t\t\t\t<\/div>\n\t\t\t\t<div class=\"elementor-element elementor-element-c38c2e4 elementor-widget elementor-widget-image\" data-id=\"c38c2e4\" data-element_type=\"widget\" data-e-type=\"widget\" data-widget_type=\"image.default\">\n\t\t\t\t\t\t\t\t\t\t\t\t\t\t\t<img fetchpriority=\"high\" decoding=\"async\" width=\"800\" height=\"533\" src=\"https:\/\/gene-tierney.art\/wp-content\/uploads\/2025\/12\/walkoffame_gene_tierney.jpg\" class=\"attachment-large size-large wp-image-2211\" alt=\"Distinctions walk of fame gene tierney\" srcset=\"https:\/\/gene-tierney.art\/wp-content\/uploads\/2025\/12\/walkoffame_gene_tierney.jpg 800w, https:\/\/gene-tierney.art\/wp-content\/uploads\/2025\/12\/walkoffame_gene_tierney-300x200.jpg 300w, https:\/\/gene-tierney.art\/wp-content\/uploads\/2025\/12\/walkoffame_gene_tierney-768x512.jpg 768w, https:\/\/gene-tierney.art\/wp-content\/uploads\/2025\/12\/walkoffame_gene_tierney-500x333.jpg 500w\" sizes=\"(max-width: 800px) 100vw, 800px\" \/>\t\t\t\t\t\t\t\t\t\t\t\t\t\t\t<\/div>\n\t\t\t\t\t<\/div>\n\t\t\t\t<\/div>\n\t\t\t\t<\/div>\n\t\t","protected":false},"excerpt":{"rendered":"<p>Premios, festivales y reconocimientos Gene Tierney no s\u00f3lo fue admirada por el p\u00fablico y la cr\u00edtica, sino que tambi\u00e9n recibi\u00f3 distinciones y honores que la consagraron como estrella. Aunque su carrera se vio interrumpida por sus pruebas personales, su talento nunca dej\u00f3 de ser reconocido. Nominaci\u00f3n al Oscar En 1946, Gene Tierney fue nominada al Oscar a la Mejor Actriz por su inolvidable papel de Ellen Berent en D\u00e9jala en el Cielo. Esta pel\u00edcula en Technicolor, en la que interpretaba a una mujer consumida por los celos, sigue siendo uno de sus mayores \u00e9xitos. La prensa de la \u00e9poca elogi\u00f3 su interpretaci\u00f3n como de una intensidad poco com\u00fan. \u00abPocas veces una actriz ha encarnado tanto la belleza como el terror con tanta sutileza\u00bb, escribe el New York Times. Premio Henrietta de los Globos de Oro En 1986, mucho despu\u00e9s de su retirada del cine, Gene recibi\u00f3 el Premio Henrietta del Globo de Oro, que honra a las estrellas que han dejado su huella en la historia del cine mundial. Este homenaje tard\u00edo subraya hasta qu\u00e9 punto su aura permanece intacta, incluso d\u00e9cadas despu\u00e9s de su \u00e9poca dorada. Paseo de la Fama de Hollywood Una estrella lleva su nombre en la famosa Paseo de la Fama de Hollywood de Los \u00c1ngeles. Situada en el 6125 de Hollywood Boulevard, se ha convertido en un lugar de peregrinaci\u00f3n para sus admiradores de todo el mundo. Esta distinci\u00f3n simboliza su lugar eterno en el pante\u00f3n de las grandes figuras de la pantalla. Festivales de cine Gene tambi\u00e9n particip\u00f3 en importantes festivales internacionales, demostrando su influencia m\u00e1s all\u00e1 de Estados Unidos. Cannes 1951 Ilumin\u00f3 la Croisette, vestida con las creaciones de Oleg Cassini, gan\u00e1ndose la admiraci\u00f3n de los fot\u00f3grafos y del p\u00fablico. VENECIA 1953 Presente en el Festival Internacional de Cine de Venecia, confirm\u00f3 su estatus de icono internacional. Festival Internacional de Cine de San Sebasti\u00e1n (Donostia) 1986 Ilumin\u00f3 la Croisette, vestida con las creaciones de Oleg Cassini, gan\u00e1ndose la admiraci\u00f3n de los fot\u00f3grafos y del p\u00fablico. Festival de Cine Rom\u00e1ntico de Cabourg (Francia) 1986 Invitada de honor en el Festival de Cine Rom\u00e1ntico de Cabourg. Festival de Cine de Florencia (Arena di Marte) 2016 Homenaje p\u00f3stumo. Sus pel\u00edculas (El cielo puede esperar, Laura, El fantasma y la Sra. Muir) se proyectaron en el marco del Gene Tierney Film Fest en la Arena di Marte de Florencia. Premio Westport Arts Heritage de Teatro En 1998, Gene Tierney recibi\u00f3 uno de los ocho premios concedidos a artistas pasados o presentes por su trayectoria en los campos del teatro, la literatura, la m\u00fasica, la danza y las artes visuales. Reconocimiento cr\u00edtico y patrimonio Incluso despu\u00e9s de su jubilaci\u00f3n, Gene Tierney sigue siendo citada como referencia por cineastas y actores por igual. Martin Scorsese dice que fue \u00abuna de las actrices m\u00e1s fascinantes del cine americano\u00bb, mientras que Catherine Deneuve afirma que se vio influida por su gracia y misterio. Su presencia en retrospectivas de la Cinemateca Francesa, el BFI y el MoMA atestigua un reconocimiento que trasciende generaciones. \u00abEra la belleza tr\u00e1gica del cine cl\u00e1sico, , y su nombre a\u00fan resuena como un perfume de eternidad\u00bb. &#8211; Martin Scorsese.<\/p>\n","protected":false},"author":1,"featured_media":2212,"parent":0,"menu_order":0,"comment_status":"closed","ping_status":"closed","template":"","meta":{"inline_featured_image":false,"_vp_format_video_url":"","_vp_image_focal_point":[],"footnotes":""},"class_list":["post-2208","page","type-page","status-publish","has-post-thumbnail","hentry"],"_links":{"self":[{"href":"https:\/\/gene-tierney.art\/es\/wp-json\/wp\/v2\/pages\/2208","targetHints":{"allow":["GET"]}}],"collection":[{"href":"https:\/\/gene-tierney.art\/es\/wp-json\/wp\/v2\/pages"}],"about":[{"href":"https:\/\/gene-tierney.art\/es\/wp-json\/wp\/v2\/types\/page"}],"author":[{"embeddable":true,"href":"https:\/\/gene-tierney.art\/es\/wp-json\/wp\/v2\/users\/1"}],"replies":[{"embeddable":true,"href":"https:\/\/gene-tierney.art\/es\/wp-json\/wp\/v2\/comments?post=2208"}],"version-history":[{"count":4,"href":"https:\/\/gene-tierney.art\/es\/wp-json\/wp\/v2\/pages\/2208\/revisions"}],"predecessor-version":[{"id":3744,"href":"https:\/\/gene-tierney.art\/es\/wp-json\/wp\/v2\/pages\/2208\/revisions\/3744"}],"wp:featuredmedia":[{"embeddable":true,"href":"https:\/\/gene-tierney.art\/es\/wp-json\/wp\/v2\/media\/2212"}],"wp:attachment":[{"href":"https:\/\/gene-tierney.art\/es\/wp-json\/wp\/v2\/media?parent=2208"}],"curies":[{"name":"wp","href":"https:\/\/api.w.org\/{rel}","templated":true}]}}