{"id":2797,"date":"2026-02-09T14:56:03","date_gmt":"2026-02-09T14:56:03","guid":{"rendered":"https:\/\/gene-tierney.art\/creditos-de-las-fotos\/"},"modified":"2026-02-24T12:57:02","modified_gmt":"2026-02-24T12:57:02","slug":"creditos-de-las-fotos","status":"publish","type":"page","link":"https:\/\/gene-tierney.art\/es\/creditos-de-las-fotos\/","title":{"rendered":"Cr\u00e9ditos de las fotos"},"content":{"rendered":"\t\t<div data-elementor-type=\"wp-post\" data-elementor-id=\"2797\" class=\"elementor elementor-2797 elementor-1446\">\n\t\t\t\t<div class=\"elementor-element elementor-element-d55d466 e-flex e-con-boxed wpr-particle-no wpr-jarallax-no wpr-parallax-no wpr-sticky-section-no wpr-equal-height-no e-con e-parent\" data-id=\"d55d466\" data-element_type=\"container\" data-e-type=\"container\" data-settings=\"{&quot;background_background&quot;:&quot;classic&quot;}\">\n\t\t\t\t\t<div class=\"e-con-inner\">\n\t\t\t\t<div class=\"elementor-element elementor-element-a22365e animated-slow elementor-invisible elementor-widget elementor-widget-heading\" data-id=\"a22365e\" data-element_type=\"widget\" data-e-type=\"widget\" data-settings=\"{&quot;_animation&quot;:&quot;fadeIn&quot;}\" data-widget_type=\"heading.default\">\n\t\t\t\t\t<h2 class=\"elementor-heading-title elementor-size-default\">CR\u00c9DITOS FOTOGR\u00c1FICOS<\/h2>\t\t\t\t<\/div>\n\t\t\t\t\t<\/div>\n\t\t\t\t<\/div>\n\t\t<div class=\"elementor-element elementor-element-8720062 e-con-full e-flex wpr-particle-no wpr-jarallax-no wpr-parallax-no wpr-sticky-section-no wpr-equal-height-no e-con e-parent\" data-id=\"8720062\" data-element_type=\"container\" data-e-type=\"container\">\n\t\t\t\t<div class=\"elementor-element elementor-element-bff2756 elementor-widget elementor-widget-text-editor\" data-id=\"bff2756\" data-element_type=\"widget\" data-e-type=\"widget\" data-widget_type=\"text-editor.default\">\n\t\t\t\t\t\t\t\t\t<div><p>Archivos personales, Wikipedia y Paris Match.<br><span style=\"color: #000000; font-family: sans-serif; caret-color: #000000;\">Ilustraciones del artista Alejandro Mogollo D\u00edez <\/span>.  <\/p><p>Amapola azul, 2024, \u00a9 Urs Fischer. Foto: Stefan Altenburger.<\/p><p> <\/p><\/div><div><p><strong>Informaci\u00f3n sobre las fotograf\u00edas y derechos de autor<\/strong><br>Las fotograf\u00edas presentadas en este sitio proceden de archivos familiares privados.<br>Al no haberse podido identificar a los autores de las fotograf\u00edas, estas im\u00e1genes se publican con fines estrictamente biogr\u00e1ficos, culturales y no comerciales.<\/p><p><strong>En Francia y en la Uni\u00f3n Europea<\/strong>: De conformidad con el C\u00f3digo de la Propiedad Intelectual franc\u00e9s (art\u00edculos L122-5 y siguientes), estas reproducciones se realizan con la excepci\u00f3n de citas breves e ilustraciones con fines de informaci\u00f3n p\u00fablica. Se presume que las fotograf\u00edas est\u00e1n libres de derechos si el autor ha fallecido hace m\u00e1s de 70 a\u00f1os o si no se ha presentado ninguna reclamaci\u00f3n de derechos a pesar de las indagaciones razonables.<\/p><p><strong>En Estados Unidos<\/strong>: Estas im\u00e1genes se publican en el marco del \u00abuso justo\u00bb (17 U.S.C. \u00a7 107), con fines educativos, hist\u00f3ricos y no comerciales. Si una imagen a\u00fan est\u00e1 protegida por derechos de autor, se reproduce con fines de documentaci\u00f3n y comentario, sin intenci\u00f3n de perjudicar los derechos del autor o de sus derechohabientes.<\/p><p><strong>Derechos de imagen personal<\/strong>: Las fotograf\u00edas que puedan mostrar a personas identificables se publican con el debido respeto a su memoria y sin atentar contra su dignidad. Si eres descendiente o representante legal de una persona que aparece en una imagen y deseas solicitar su retirada, ponte en contacto con nosotros.<\/p><p>Queda prohibida cualquier reutilizaci\u00f3n, reproducci\u00f3n o distribuci\u00f3n de las im\u00e1genes que aparecen en este sitio, fuera de este marco biogr\u00e1fico y no comercial.<\/p><\/div>\t\t\t\t\t\t\t\t<\/div>\n\t\t\t\t<div class=\"elementor-element elementor-element-1e5e252 elementor-widget elementor-widget-button\" data-id=\"1e5e252\" data-element_type=\"widget\" data-e-type=\"widget\" data-widget_type=\"button.default\">\n\t\t\t\t\t\t\t\t\t\t<a class=\"elementor-button elementor-button-link elementor-size-sm\" href=\"https:\/\/gene-tierney.art\/es\/?page_id=2085\">\n\t\t\t\t\t\t<span class=\"elementor-button-content-wrapper\">\n\t\t\t\t\t\t\t\t\t<span class=\"elementor-button-text\">CONT\u00c1CTANOS<\/span>\n\t\t\t\t\t<\/span>\n\t\t\t\t\t<\/a>\n\t\t\t\t\t\t\t\t<\/div>\n\t\t\t\t<\/div>\n\t\t\t\t<\/div>\n\t\t","protected":false},"excerpt":{"rendered":"<p>CR\u00c9DITOS FOTOGR\u00c1FICOS Archivos personales, Wikipedia y Paris Match.Ilustraciones del artista Alejandro Mogollo D\u00edez . Amapola azul, 2024, \u00a9 Urs Fischer. Foto: Stefan Altenburger. Informaci\u00f3n sobre las fotograf\u00edas y derechos de autorLas fotograf\u00edas presentadas en este sitio proceden de archivos familiares privados.Al no haberse podido identificar a los autores de las fotograf\u00edas, estas im\u00e1genes se publican con fines estrictamente biogr\u00e1ficos, culturales y no comerciales. En Francia y en la Uni\u00f3n Europea: De conformidad con el C\u00f3digo de la Propiedad Intelectual franc\u00e9s (art\u00edculos L122-5 y siguientes), estas reproducciones se realizan con la excepci\u00f3n de citas breves e ilustraciones con fines de informaci\u00f3n p\u00fablica. Se presume que las fotograf\u00edas est\u00e1n libres de derechos si el autor ha fallecido hace m\u00e1s de 70 a\u00f1os o si no se ha presentado ninguna reclamaci\u00f3n de derechos a pesar de las indagaciones razonables. En Estados Unidos: Estas im\u00e1genes se publican en el marco del \u00abuso justo\u00bb (17 U.S.C. \u00a7 107), con fines educativos, hist\u00f3ricos y no comerciales. Si una imagen a\u00fan est\u00e1 protegida por derechos de autor, se reproduce con fines de documentaci\u00f3n y comentario, sin intenci\u00f3n de perjudicar los derechos del autor o de sus derechohabientes. Derechos de imagen personal: Las fotograf\u00edas que puedan mostrar a personas identificables se publican con el debido respeto a su memoria y sin atentar contra su dignidad. Si eres descendiente o representante legal de una persona que aparece en una imagen y deseas solicitar su retirada, ponte en contacto con nosotros. Queda prohibida cualquier reutilizaci\u00f3n, reproducci\u00f3n o distribuci\u00f3n de las im\u00e1genes que aparecen en este sitio, fuera de este marco biogr\u00e1fico y no comercial. CONT\u00c1CTANOS<\/p>\n","protected":false},"author":1,"featured_media":2386,"parent":0,"menu_order":0,"comment_status":"closed","ping_status":"closed","template":"","meta":{"inline_featured_image":false,"_vp_format_video_url":"","_vp_image_focal_point":[],"footnotes":""},"class_list":["post-2797","page","type-page","status-publish","has-post-thumbnail","hentry"],"_links":{"self":[{"href":"https:\/\/gene-tierney.art\/es\/wp-json\/wp\/v2\/pages\/2797","targetHints":{"allow":["GET"]}}],"collection":[{"href":"https:\/\/gene-tierney.art\/es\/wp-json\/wp\/v2\/pages"}],"about":[{"href":"https:\/\/gene-tierney.art\/es\/wp-json\/wp\/v2\/types\/page"}],"author":[{"embeddable":true,"href":"https:\/\/gene-tierney.art\/es\/wp-json\/wp\/v2\/users\/1"}],"replies":[{"embeddable":true,"href":"https:\/\/gene-tierney.art\/es\/wp-json\/wp\/v2\/comments?post=2797"}],"version-history":[{"count":2,"href":"https:\/\/gene-tierney.art\/es\/wp-json\/wp\/v2\/pages\/2797\/revisions"}],"predecessor-version":[{"id":3248,"href":"https:\/\/gene-tierney.art\/es\/wp-json\/wp\/v2\/pages\/2797\/revisions\/3248"}],"wp:featuredmedia":[{"embeddable":true,"href":"https:\/\/gene-tierney.art\/es\/wp-json\/wp\/v2\/media\/2386"}],"wp:attachment":[{"href":"https:\/\/gene-tierney.art\/es\/wp-json\/wp\/v2\/media?parent=2797"}],"curies":[{"name":"wp","href":"https:\/\/api.w.org\/{rel}","templated":true}]}}