{"id":2043,"date":"2025-12-24T10:57:56","date_gmt":"2025-12-24T10:57:56","guid":{"rendered":"https:\/\/gene-tierney.art\/chi-siamo\/"},"modified":"2026-02-16T08:34:54","modified_gmt":"2026-02-16T08:34:54","slug":"chi-siamo","status":"publish","type":"page","link":"https:\/\/gene-tierney.art\/it\/chi-siamo\/","title":{"rendered":"Chi siamo"},"content":{"rendered":"\t\t<div data-elementor-type=\"wp-post\" data-elementor-id=\"2043\" class=\"elementor elementor-2043 elementor-1370\">\n\t\t\t\t<div class=\"elementor-element elementor-element-d55d466 e-flex e-con-boxed wpr-particle-no wpr-jarallax-no wpr-parallax-no wpr-sticky-section-no wpr-equal-height-no e-con e-parent\" data-id=\"d55d466\" data-element_type=\"container\" data-e-type=\"container\" data-settings=\"{&quot;background_background&quot;:&quot;classic&quot;}\">\n\t\t\t\t\t<div class=\"e-con-inner\">\n\t\t\t\t<div class=\"elementor-element elementor-element-a22365e animated-slow elementor-invisible elementor-widget elementor-widget-heading\" data-id=\"a22365e\" data-element_type=\"widget\" data-e-type=\"widget\" data-settings=\"{&quot;_animation&quot;:&quot;fadeIn&quot;}\" data-widget_type=\"heading.default\">\n\t\t\t\t\t<h2 class=\"elementor-heading-title elementor-size-default\">CHI SIAMO<\/h2>\t\t\t\t<\/div>\n\t\t\t\t\t<\/div>\n\t\t\t\t<\/div>\n\t\t<div class=\"elementor-element elementor-element-41462cf e-flex e-con-boxed wpr-particle-no wpr-jarallax-no wpr-parallax-no wpr-sticky-section-no wpr-equal-height-no e-con e-parent\" data-id=\"41462cf\" data-element_type=\"container\" data-e-type=\"container\" data-settings=\"{&quot;background_background&quot;:&quot;classic&quot;,&quot;animation_mobile&quot;:&quot;fadeIn&quot;}\">\n\t\t\t\t\t<div class=\"e-con-inner\">\n\t\t\t\t<div class=\"elementor-element elementor-element-2e23ce1 animated-slow elementor-invisible elementor-widget elementor-widget-heading\" data-id=\"2e23ce1\" data-element_type=\"widget\" data-e-type=\"widget\" data-settings=\"{&quot;_animation&quot;:&quot;fadeIn&quot;}\" data-widget_type=\"heading.default\">\n\t\t\t\t\t<h3 class=\"elementor-heading-title elementor-size-default\">In onore di Gene, Daria e Tina.<\/h3>\t\t\t\t<\/div>\n\t\t\t\t<div class=\"elementor-element elementor-element-ef795fb elementor-widget elementor-widget-text-editor\" data-id=\"ef795fb\" data-element_type=\"widget\" data-e-type=\"widget\" data-widget_type=\"text-editor.default\">\n\t\t\t\t\t\t\t\t\t<p style=\"text-align: center;\"><span style=\"color: #333333;\">Ognuno nella nostra famiglia ha una storia unica. Un percorso a volte luminoso, a volte doloroso, spesso entrambe le cose allo stesso tempo, ma sempre fondamentale. Queste storie plasmano coloro che le ereditano, influenzano le loro scelte, alimentano la loro identit\u00e0 e, consapevolmente o meno, danno loro la forza di osare.  <\/span><\/p><p>Questo sito web \u00e8 nato dal desiderio di trasformare una storia familiare eccezionale in <a href=\"https:\/\/gene-tierney.art\/biographie-de-gene-tierney\/\">un&#8217;eredit\u00e0<\/a> vivente. Un&#8217;eredit\u00e0 che viene tramandata non per congelare il passato, ma per ricordare alle generazioni future che il loro destino pu\u00f2 essere straordinario e che la fiducia in se stessi si basa anche su coloro che ci hanno preceduto. <\/p><p>Al di l\u00e0 del ricordo di un&#8217;<a href=\"https:\/\/gene-tierney.art\/icone-cinema\/\">icona del cinema<\/a> degli anni &#8217;40-&#8217;50, questo progetto vuole onorare la carriera di una donna eccezionale. Una donna segnata dalle difficolt\u00e0, guidata dalla gentilezza, dalla generosit\u00e0 e dalla profonda determinazione &#8211; valori che ha trasmesso alle sue figlie e che continuano a risuonare ancora oggi. <\/p><p>Questo spazio \u00e8 un&#8217;eredit\u00e0 digitale, accessibile agli appassionati di cinema, a chi \u00e8 alla ricerca di percorsi autentici, tortuosi e stimolanti e ai membri della nostra famiglia, ora e in futuro.<\/p>\t\t\t\t\t\t\t\t<\/div>\n\t\t\t\t<div class=\"elementor-element elementor-element-e41bdf6 elementor-align-center elementor-widget elementor-widget-button\" data-id=\"e41bdf6\" data-element_type=\"widget\" data-e-type=\"widget\" data-widget_type=\"button.default\">\n\t\t\t\t\t\t\t\t\t\t<a class=\"elementor-button elementor-button-link elementor-size-sm\" href=\"https:\/\/gene-tierney.art\/contact\/\">\n\t\t\t\t\t\t<span class=\"elementor-button-content-wrapper\">\n\t\t\t\t\t\t\t\t\t<span class=\"elementor-button-text\">CONTATTI<\/span>\n\t\t\t\t\t<\/span>\n\t\t\t\t\t<\/a>\n\t\t\t\t\t\t\t\t<\/div>\n\t\t\t\t\t<\/div>\n\t\t\t\t<\/div>\n\t\t\t\t<\/div>\n\t\t","protected":false},"excerpt":{"rendered":"<p>CHI SIAMO In onore di Gene, Daria e Tina. Ognuno nella nostra famiglia ha una storia unica. Un percorso a volte luminoso, a volte doloroso, spesso entrambe le cose allo stesso tempo, ma sempre fondamentale. Queste storie plasmano coloro che le ereditano, influenzano le loro scelte, alimentano la loro identit\u00e0 e, consapevolmente o meno, danno loro la forza di osare. Questo sito web \u00e8 nato dal desiderio di trasformare una storia familiare eccezionale in un&#8217;eredit\u00e0 vivente. Un&#8217;eredit\u00e0 che viene tramandata non per congelare il passato, ma per ricordare alle generazioni future che il loro destino pu\u00f2 essere straordinario e che la fiducia in se stessi si basa anche su coloro che ci hanno preceduto. Al di l\u00e0 del ricordo di un&#8217;icona del cinema degli anni &#8217;40-&#8217;50, questo progetto vuole onorare la carriera di una donna eccezionale. Una donna segnata dalle difficolt\u00e0, guidata dalla gentilezza, dalla generosit\u00e0 e dalla profonda determinazione &#8211; valori che ha trasmesso alle sue figlie e che continuano a risuonare ancora oggi. Questo spazio \u00e8 un&#8217;eredit\u00e0 digitale, accessibile agli appassionati di cinema, a chi \u00e8 alla ricerca di percorsi autentici, tortuosi e stimolanti e ai membri della nostra famiglia, ora e in futuro. CONTATTI<\/p>\n","protected":false},"author":1,"featured_media":2045,"parent":0,"menu_order":0,"comment_status":"closed","ping_status":"closed","template":"","meta":{"inline_featured_image":false,"_vp_format_video_url":"","_vp_image_focal_point":[],"footnotes":""},"class_list":["post-2043","page","type-page","status-publish","has-post-thumbnail","hentry"],"_links":{"self":[{"href":"https:\/\/gene-tierney.art\/it\/wp-json\/wp\/v2\/pages\/2043","targetHints":{"allow":["GET"]}}],"collection":[{"href":"https:\/\/gene-tierney.art\/it\/wp-json\/wp\/v2\/pages"}],"about":[{"href":"https:\/\/gene-tierney.art\/it\/wp-json\/wp\/v2\/types\/page"}],"author":[{"embeddable":true,"href":"https:\/\/gene-tierney.art\/it\/wp-json\/wp\/v2\/users\/1"}],"replies":[{"embeddable":true,"href":"https:\/\/gene-tierney.art\/it\/wp-json\/wp\/v2\/comments?post=2043"}],"version-history":[{"count":2,"href":"https:\/\/gene-tierney.art\/it\/wp-json\/wp\/v2\/pages\/2043\/revisions"}],"predecessor-version":[{"id":2047,"href":"https:\/\/gene-tierney.art\/it\/wp-json\/wp\/v2\/pages\/2043\/revisions\/2047"}],"wp:featuredmedia":[{"embeddable":true,"href":"https:\/\/gene-tierney.art\/it\/wp-json\/wp\/v2\/media\/2045"}],"wp:attachment":[{"href":"https:\/\/gene-tierney.art\/it\/wp-json\/wp\/v2\/media?parent=2043"}],"curies":[{"name":"wp","href":"https:\/\/api.w.org\/{rel}","templated":true}]}}