{"id":2177,"date":"2025-12-19T14:59:06","date_gmt":"2025-12-19T14:59:06","guid":{"rendered":"https:\/\/gene-tierney.art\/premi-festival-e-riconoscimenti\/"},"modified":"2026-03-09T17:00:07","modified_gmt":"2026-03-09T17:00:07","slug":"premi-festival-e-riconoscimenti","status":"publish","type":"page","link":"https:\/\/gene-tierney.art\/it\/premi-festival-e-riconoscimenti\/","title":{"rendered":"Premi e onorificenze"},"content":{"rendered":"\t\t<div data-elementor-type=\"wp-post\" data-elementor-id=\"2177\" class=\"elementor elementor-2177 elementor-451\">\n\t\t\t\t<div class=\"elementor-element elementor-element-d55d466 e-flex e-con-boxed wpr-particle-no wpr-jarallax-no wpr-parallax-no wpr-sticky-section-no wpr-equal-height-no e-con e-parent\" data-id=\"d55d466\" data-element_type=\"container\" data-e-type=\"container\" data-settings=\"{&quot;background_background&quot;:&quot;classic&quot;}\">\n\t\t\t\t\t<div class=\"e-con-inner\">\n\t\t\t\t<div class=\"elementor-element elementor-element-a22365e animated-slow elementor-invisible elementor-widget elementor-widget-heading\" data-id=\"a22365e\" data-element_type=\"widget\" data-e-type=\"widget\" data-settings=\"{&quot;_animation&quot;:&quot;fadeIn&quot;}\" data-widget_type=\"heading.default\">\n\t\t\t\t\t<h2 class=\"elementor-heading-title elementor-size-default\">Premi e onorificenze<\/h2>\t\t\t\t<\/div>\n\t\t\t\t\t<\/div>\n\t\t\t\t<\/div>\n\t\t<div class=\"elementor-element elementor-element-f4bf790 e-con-full e-flex wpr-particle-no wpr-jarallax-no wpr-parallax-no wpr-sticky-section-no wpr-equal-height-no e-con e-parent\" data-id=\"f4bf790\" data-element_type=\"container\" data-e-type=\"container\">\n\t\t\t\t<div class=\"elementor-element elementor-element-4200a55 elementor-widget elementor-widget-text-editor\" data-id=\"4200a55\" data-element_type=\"widget\" data-e-type=\"widget\" data-widget_type=\"text-editor.default\">\n\t\t\t\t\t\t\t\t\t<p>Gene Tierney non solo \u00e8 stata ammirata dal pubblico e dalla critica, ma ha anche ricevuto riconoscimenti e onorificenze che hanno consacrato il suo status di star. Anche se la sua carriera \u00e8 stata interrotta dalle sue prove personali, il suo talento non ha mai smesso di essere riconosciuto. <\/p>\t\t\t\t\t\t\t\t<\/div>\n\t\t\t\t<\/div>\n\t\t<div class=\"elementor-element elementor-element-41462cf e-flex e-con-boxed wpr-particle-no wpr-jarallax-no wpr-parallax-no wpr-sticky-section-no wpr-equal-height-no e-con e-parent\" data-id=\"41462cf\" data-element_type=\"container\" data-e-type=\"container\" data-settings=\"{&quot;background_background&quot;:&quot;classic&quot;,&quot;animation_mobile&quot;:&quot;fadeIn&quot;}\">\n\t\t\t\t\t<div class=\"e-con-inner\">\n\t\t\t\t<div class=\"elementor-element elementor-element-2e23ce1 animated-slow elementor-invisible elementor-widget elementor-widget-heading\" data-id=\"2e23ce1\" data-element_type=\"widget\" data-e-type=\"widget\" data-settings=\"{&quot;_animation&quot;:&quot;fadeIn&quot;}\" data-widget_type=\"heading.default\">\n\t\t\t\t\t<h2 class=\"elementor-heading-title elementor-size-default\">Nomination agli Oscar<\/h2>\t\t\t\t<\/div>\n\t\t\t\t<div class=\"elementor-element elementor-element-75aad32 elementor-widget elementor-widget-text-editor\" data-id=\"75aad32\" data-element_type=\"widget\" data-e-type=\"widget\" data-widget_type=\"text-editor.default\">\n\t\t\t\t\t\t\t\t\t<p>Nel 1946, Gene Tierney ricevette una nomination all&#8217;Oscar come miglior attrice per il suo indimenticabile ruolo di Ellen Berent in Lasciamola in Paradiso. Questo film in Technicolor, in cui l&#8217;attrice interpretava una donna consumata dalla gelosia, rimane ancora oggi uno dei suoi pi\u00f9 grandi successi. La stampa dell&#8217;epoca acclam\u00f2 la sua interpretazione come di rara intensit\u00e0.  <\/p>\t\t\t\t\t\t\t\t<\/div>\n\t\t\t\t<div class=\"elementor-element elementor-element-78ee124 elementor-widget elementor-widget-text-editor\" data-id=\"78ee124\" data-element_type=\"widget\" data-e-type=\"widget\" data-widget_type=\"text-editor.default\">\n\t\t\t\t\t\t\t\t\t<p>&#8220;Raramente un&#8217;attrice ha incarnato sia la bellezza <br>che il terrore con tanta sottigliezza&#8221; ha scritto il New York Times.<\/p>\t\t\t\t\t\t\t\t<\/div>\n\t\t\t\t\t<\/div>\n\t\t\t\t<\/div>\n\t\t<div class=\"elementor-element elementor-element-d724e45 e-flex e-con-boxed wpr-particle-no wpr-jarallax-no wpr-parallax-no wpr-sticky-section-no wpr-equal-height-no e-con e-parent\" data-id=\"d724e45\" data-element_type=\"container\" data-e-type=\"container\" data-settings=\"{&quot;background_background&quot;:&quot;classic&quot;,&quot;animation_mobile&quot;:&quot;fadeIn&quot;}\">\n\t\t\t\t\t<div class=\"e-con-inner\">\n\t\t\t\t<div class=\"elementor-element elementor-element-06ede68 animated-slow elementor-invisible elementor-widget elementor-widget-heading\" data-id=\"06ede68\" data-element_type=\"widget\" data-e-type=\"widget\" data-settings=\"{&quot;_animation&quot;:&quot;fadeIn&quot;}\" data-widget_type=\"heading.default\">\n\t\t\t\t\t<h2 class=\"elementor-heading-title elementor-size-default\">Premio Henrietta dei Golden Globe<\/h2>\t\t\t\t<\/div>\n\t\t\t\t<div class=\"elementor-element elementor-element-7791594 elementor-widget elementor-widget-text-editor\" data-id=\"7791594\" data-element_type=\"widget\" data-e-type=\"widget\" data-widget_type=\"text-editor.default\">\n\t\t\t\t\t\t\t\t\t<p>Nel 1986, molto tempo dopo il suo ritiro dal cinema, Gene ricevette il Golden Globe Henrietta Award, che premia le star che hanno lasciato un segno nella storia del cinema mondiale. Questo tributo tardivo sottolinea quanto la sua aura rimanga intatta, anche decenni dopo il suo periodo d&#8217;oro. <\/p>\t\t\t\t\t\t\t\t<\/div>\n\t\t\t\t\t<\/div>\n\t\t\t\t<\/div>\n\t\t<div class=\"elementor-element elementor-element-df15f42 e-flex e-con-boxed wpr-particle-no wpr-jarallax-no wpr-parallax-no wpr-sticky-section-no wpr-equal-height-no e-con e-parent\" data-id=\"df15f42\" data-element_type=\"container\" data-e-type=\"container\" data-settings=\"{&quot;background_background&quot;:&quot;classic&quot;,&quot;animation_mobile&quot;:&quot;fadeIn&quot;}\">\n\t\t\t\t\t<div class=\"e-con-inner\">\n\t\t\t\t<div class=\"elementor-element elementor-element-7397cc1 animated-slow elementor-invisible elementor-widget elementor-widget-heading\" data-id=\"7397cc1\" data-element_type=\"widget\" data-e-type=\"widget\" data-settings=\"{&quot;_animation&quot;:&quot;fadeIn&quot;}\" data-widget_type=\"heading.default\">\n\t\t\t\t\t<h2 class=\"elementor-heading-title elementor-size-default\">Hollywood Walk of Fame<\/h2>\t\t\t\t<\/div>\n\t\t\t\t<div class=\"elementor-element elementor-element-e8314e8 elementor-widget elementor-widget-text-editor\" data-id=\"e8314e8\" data-element_type=\"widget\" data-e-type=\"widget\" data-widget_type=\"text-editor.default\">\n\t\t\t\t\t\t\t\t\t<p>Una stella porta il suo nome sul famoso marciapiede delle celebrit\u00e0 a Los Angeles. Situato al 6125 di Hollywood Boulevard, \u00e8 diventato un luogo di pellegrinaggio per i suoi ammiratori di tutto il mondo. Questa distinzione simboleggia il suo posto eterno nel pantheon dei grandi personaggi dello schermo.  <\/p>\t\t\t\t\t\t\t\t<\/div>\n\t\t\t\t\t<\/div>\n\t\t\t\t<\/div>\n\t\t<div class=\"elementor-element elementor-element-1a878ce e-flex e-con-boxed wpr-particle-no wpr-jarallax-no wpr-parallax-no wpr-sticky-section-no wpr-equal-height-no e-con e-parent\" data-id=\"1a878ce\" data-element_type=\"container\" data-e-type=\"container\" data-settings=\"{&quot;background_background&quot;:&quot;classic&quot;,&quot;animation_mobile&quot;:&quot;fadeIn&quot;}\">\n\t\t\t\t\t<div class=\"e-con-inner\">\n\t\t\t\t<div class=\"elementor-element elementor-element-efe65a6 animated-slow elementor-invisible elementor-widget elementor-widget-heading\" data-id=\"efe65a6\" data-element_type=\"widget\" data-e-type=\"widget\" data-settings=\"{&quot;_animation&quot;:&quot;fadeIn&quot;}\" data-widget_type=\"heading.default\">\n\t\t\t\t\t<h2 class=\"elementor-heading-title elementor-size-default\">Festival del cinema<\/h2>\t\t\t\t<\/div>\n\t\t\t\t<div class=\"elementor-element elementor-element-aec4e0b elementor-widget elementor-widget-text-editor\" data-id=\"aec4e0b\" data-element_type=\"widget\" data-e-type=\"widget\" data-widget_type=\"text-editor.default\">\n\t\t\t\t\t\t\t\t\t<p>Gene ha partecipato anche a importanti festival internazionali, dimostrando la sua influenza anche al di fuori degli Stati Uniti.<\/p>\t\t\t\t\t\t\t\t<\/div>\n\t\t\t\t<div class=\"elementor-element elementor-element-79140e3 elementor-widget elementor-widget-text-editor\" data-id=\"79140e3\" data-element_type=\"widget\" data-e-type=\"widget\" data-widget_type=\"text-editor.default\">\n\t\t\t\t\t\t\t\t\t<p>Cannes 1951<\/p>\t\t\t\t\t\t\t\t<\/div>\n\t\t\t\t<div class=\"elementor-element elementor-element-c893154 elementor-widget elementor-widget-text-editor\" data-id=\"c893154\" data-element_type=\"widget\" data-e-type=\"widget\" data-widget_type=\"text-editor.default\">\n\t\t\t\t\t\t\t\t\t<p>Ha illuminato la Croisette, vestita con le creazioni di Oleg Cassini, conquistando l&#8217;ammirazione di fotografi e pubblico.<\/p>\t\t\t\t\t\t\t\t<\/div>\n\t\t\t\t<div class=\"elementor-element elementor-element-e41fc57 elementor-widget elementor-widget-text-editor\" data-id=\"e41fc57\" data-element_type=\"widget\" data-e-type=\"widget\" data-widget_type=\"text-editor.default\">\n\t\t\t\t\t\t\t\t\t<p>VENEZIA 1953<\/p>\t\t\t\t\t\t\t\t<\/div>\n\t\t\t\t<div class=\"elementor-element elementor-element-90cf9f6 elementor-widget elementor-widget-text-editor\" data-id=\"90cf9f6\" data-element_type=\"widget\" data-e-type=\"widget\" data-widget_type=\"text-editor.default\">\n\t\t\t\t\t\t\t\t\t<p>Presente alla Mostra Internazionale del Cinema di Venezia, ha confermato il suo status di icona internazionale.<\/p>\t\t\t\t\t\t\t\t<\/div>\n\t\t\t\t<div class=\"elementor-element elementor-element-809e87c elementor-widget elementor-widget-text-editor\" data-id=\"809e87c\" data-element_type=\"widget\" data-e-type=\"widget\" data-widget_type=\"text-editor.default\">\n\t\t\t\t\t\t\t\t\t<p>Festival Internazionale del Cinema di San Sebastian (Donostia) 1986<\/p>\t\t\t\t\t\t\t\t<\/div>\n\t\t\t\t<div class=\"elementor-element elementor-element-af12d0d elementor-widget elementor-widget-text-editor\" data-id=\"af12d0d\" data-element_type=\"widget\" data-e-type=\"widget\" data-widget_type=\"text-editor.default\">\n\t\t\t\t\t\t\t\t\t<p>Ha illuminato la Croisette, vestita con le creazioni di Oleg Cassini, conquistando l&#8217;ammirazione di fotografi e pubblico.<\/p>\t\t\t\t\t\t\t\t<\/div>\n\t\t\t\t<div class=\"elementor-element elementor-element-107e983 elementor-widget elementor-widget-text-editor\" data-id=\"107e983\" data-element_type=\"widget\" data-e-type=\"widget\" data-widget_type=\"text-editor.default\">\n\t\t\t\t\t\t\t\t\t<p>Festival del Cinema Romantico di Cabourg <br>(Francia) 1986<\/p>\t\t\t\t\t\t\t\t<\/div>\n\t\t\t\t<div class=\"elementor-element elementor-element-d064eda elementor-widget elementor-widget-text-editor\" data-id=\"d064eda\" data-element_type=\"widget\" data-e-type=\"widget\" data-widget_type=\"text-editor.default\">\n\t\t\t\t\t\t\t\t\t<p>Ospite d&#8217;onore del festival, appare sul palco del Cabourg Romantic Film Festival.<\/p>\t\t\t\t\t\t\t\t<\/div>\n\t\t\t\t<div class=\"elementor-element elementor-element-be2c7be elementor-widget elementor-widget-text-editor\" data-id=\"be2c7be\" data-element_type=\"widget\" data-e-type=\"widget\" data-widget_type=\"text-editor.default\">\n\t\t\t\t\t\t\t\t\t<p>Florence Film Festival <br>(Arena di Marte) 2016<\/p>\t\t\t\t\t\t\t\t<\/div>\n\t\t\t\t<div class=\"elementor-element elementor-element-97da41b elementor-widget elementor-widget-text-editor\" data-id=\"97da41b\" data-element_type=\"widget\" data-e-type=\"widget\" data-widget_type=\"text-editor.default\">\n\t\t\t\t\t\t\t\t\t<p>Omaggio postumo. I suoi film (Il cielo pu\u00f2 attendere, Laura, Il fantasma e la signora Muir) sono stati proiettati nell&#8217;ambito del Gene Tierney Film Fest all&#8217;Arena di Marte di Firenze. <\/p>\t\t\t\t\t\t\t\t<\/div>\n\t\t\t\t\t<\/div>\n\t\t\t\t<\/div>\n\t\t<div class=\"elementor-element elementor-element-afcab6e e-flex e-con-boxed wpr-particle-no wpr-jarallax-no wpr-parallax-no wpr-sticky-section-no wpr-equal-height-no e-con e-parent\" data-id=\"afcab6e\" data-element_type=\"container\" data-e-type=\"container\" data-settings=\"{&quot;background_background&quot;:&quot;classic&quot;,&quot;animation_mobile&quot;:&quot;fadeIn&quot;}\">\n\t\t\t\t\t<div class=\"e-con-inner\">\n\t\t\t\t<div class=\"elementor-element elementor-element-af2f3a6 animated-slow elementor-invisible elementor-widget elementor-widget-heading\" data-id=\"af2f3a6\" data-element_type=\"widget\" data-e-type=\"widget\" data-settings=\"{&quot;_animation&quot;:&quot;fadeIn&quot;}\" data-widget_type=\"heading.default\">\n\t\t\t\t\t<h2 class=\"elementor-heading-title elementor-size-default\">Premio Westport Arts Heritage per il teatro<\/h2>\t\t\t\t<\/div>\n\t\t\t\t<div class=\"elementor-element elementor-element-ed73dfd elementor-widget elementor-widget-text-editor\" data-id=\"ed73dfd\" data-element_type=\"widget\" data-e-type=\"widget\" data-widget_type=\"text-editor.default\">\n\t\t\t\t\t\t\t\t\t<p data-start=\"172\" data-end=\"415\">Nel 1998, Gene Tierney ha ricevuto uno degli otto premi assegnati ad artisti del passato o del presente per i loro successi nel campo del teatro, della letteratura, della musica, della danza e delle arti visive.<\/p>\t\t\t\t\t\t\t\t<\/div>\n\t\t\t\t\t<\/div>\n\t\t\t\t<\/div>\n\t\t<div class=\"elementor-element elementor-element-256f57e e-flex e-con-boxed wpr-particle-no wpr-jarallax-no wpr-parallax-no wpr-sticky-section-no wpr-equal-height-no e-con e-parent\" data-id=\"256f57e\" data-element_type=\"container\" data-e-type=\"container\" data-settings=\"{&quot;background_background&quot;:&quot;classic&quot;,&quot;animation_mobile&quot;:&quot;fadeIn&quot;}\">\n\t\t\t\t\t<div class=\"e-con-inner\">\n\t\t\t\t<div class=\"elementor-element elementor-element-7c3c662 animated-slow elementor-invisible elementor-widget elementor-widget-heading\" data-id=\"7c3c662\" data-element_type=\"widget\" data-e-type=\"widget\" data-settings=\"{&quot;_animation&quot;:&quot;fadeIn&quot;}\" data-widget_type=\"heading.default\">\n\t\t\t\t\t<h2 class=\"elementor-heading-title elementor-size-default\">Riconoscimento critico <br>e patrimonio<\/h2>\t\t\t\t<\/div>\n\t\t\t\t<div class=\"elementor-element elementor-element-ed147f6 elementor-widget elementor-widget-text-editor\" data-id=\"ed147f6\" data-element_type=\"widget\" data-e-type=\"widget\" data-widget_type=\"text-editor.default\">\n\t\t\t\t\t\t\t\t\t<p>Anche dopo il suo ritiro, Gene Tierney continua a essere citata come punto di riferimento da registi e attori. Martin Scorsese dice che \u00e8 stata &#8220;una delle attrici pi\u00f9 affascinanti del cinema americano&#8221;, mentre Catherine Deneuve afferma di essere stata influenzata dalla sua grazia e dal suo mistero. La sua presenza nelle retrospettive della Cin\u00e9math\u00e8que fran\u00e7aise, del BFI e del MoMA testimonia un riconoscimento che attraversa le generazioni.  <\/p>\t\t\t\t\t\t\t\t<\/div>\n\t\t\t\t<div class=\"elementor-element elementor-element-f5bf7cb elementor-widget elementor-widget-text-editor\" data-id=\"f5bf7cb\" data-element_type=\"widget\" data-e-type=\"widget\" data-widget_type=\"text-editor.default\">\n\t\t\t\t\t\t\t\t\t<p>&#8220;Era la bellezza tragica del cinema classico, <br>, e il suo nome risuona ancora come un profumo di eternit\u00e0&#8221;. <br>&#8211; Martin Scorsese. <\/p>\t\t\t\t\t\t\t\t<\/div>\n\t\t\t\t<div class=\"elementor-element elementor-element-c38c2e4 elementor-widget elementor-widget-image\" data-id=\"c38c2e4\" data-element_type=\"widget\" data-e-type=\"widget\" data-widget_type=\"image.default\">\n\t\t\t\t\t\t\t\t\t\t\t\t\t\t\t<img fetchpriority=\"high\" decoding=\"async\" width=\"800\" height=\"533\" src=\"https:\/\/gene-tierney.art\/wp-content\/uploads\/2025\/12\/walkoffame_gene_tierney.jpg\" class=\"attachment-large size-large wp-image-2181\" alt=\"Distinctions walk of fame gene tierney\" srcset=\"https:\/\/gene-tierney.art\/wp-content\/uploads\/2025\/12\/walkoffame_gene_tierney.jpg 800w, https:\/\/gene-tierney.art\/wp-content\/uploads\/2025\/12\/walkoffame_gene_tierney-300x200.jpg 300w, https:\/\/gene-tierney.art\/wp-content\/uploads\/2025\/12\/walkoffame_gene_tierney-768x512.jpg 768w, https:\/\/gene-tierney.art\/wp-content\/uploads\/2025\/12\/walkoffame_gene_tierney-500x333.jpg 500w\" sizes=\"(max-width: 800px) 100vw, 800px\" \/>\t\t\t\t\t\t\t\t\t\t\t\t\t\t\t<\/div>\n\t\t\t\t\t<\/div>\n\t\t\t\t<\/div>\n\t\t\t\t<\/div>\n\t\t","protected":false},"excerpt":{"rendered":"<p>Premi e onorificenze Gene Tierney non solo \u00e8 stata ammirata dal pubblico e dalla critica, ma ha anche ricevuto riconoscimenti e onorificenze che hanno consacrato il suo status di star. Anche se la sua carriera \u00e8 stata interrotta dalle sue prove personali, il suo talento non ha mai smesso di essere riconosciuto. Nomination agli Oscar Nel 1946, Gene Tierney ricevette una nomination all&#8217;Oscar come miglior attrice per il suo indimenticabile ruolo di Ellen Berent in Lasciamola in Paradiso. Questo film in Technicolor, in cui l&#8217;attrice interpretava una donna consumata dalla gelosia, rimane ancora oggi uno dei suoi pi\u00f9 grandi successi. La stampa dell&#8217;epoca acclam\u00f2 la sua interpretazione come di rara intensit\u00e0. &#8220;Raramente un&#8217;attrice ha incarnato sia la bellezza che il terrore con tanta sottigliezza&#8221; ha scritto il New York Times. Premio Henrietta dei Golden Globe Nel 1986, molto tempo dopo il suo ritiro dal cinema, Gene ricevette il Golden Globe Henrietta Award, che premia le star che hanno lasciato un segno nella storia del cinema mondiale. Questo tributo tardivo sottolinea quanto la sua aura rimanga intatta, anche decenni dopo il suo periodo d&#8217;oro. Hollywood Walk of Fame Una stella porta il suo nome sul famoso marciapiede delle celebrit\u00e0 a Los Angeles. Situato al 6125 di Hollywood Boulevard, \u00e8 diventato un luogo di pellegrinaggio per i suoi ammiratori di tutto il mondo. Questa distinzione simboleggia il suo posto eterno nel pantheon dei grandi personaggi dello schermo. Festival del cinema Gene ha partecipato anche a importanti festival internazionali, dimostrando la sua influenza anche al di fuori degli Stati Uniti. Cannes 1951 Ha illuminato la Croisette, vestita con le creazioni di Oleg Cassini, conquistando l&#8217;ammirazione di fotografi e pubblico. VENEZIA 1953 Presente alla Mostra Internazionale del Cinema di Venezia, ha confermato il suo status di icona internazionale. Festival Internazionale del Cinema di San Sebastian (Donostia) 1986 Ha illuminato la Croisette, vestita con le creazioni di Oleg Cassini, conquistando l&#8217;ammirazione di fotografi e pubblico. Festival del Cinema Romantico di Cabourg (Francia) 1986 Ospite d&#8217;onore del festival, appare sul palco del Cabourg Romantic Film Festival. Florence Film Festival (Arena di Marte) 2016 Omaggio postumo. I suoi film (Il cielo pu\u00f2 attendere, Laura, Il fantasma e la signora Muir) sono stati proiettati nell&#8217;ambito del Gene Tierney Film Fest all&#8217;Arena di Marte di Firenze. Premio Westport Arts Heritage per il teatro Nel 1998, Gene Tierney ha ricevuto uno degli otto premi assegnati ad artisti del passato o del presente per i loro successi nel campo del teatro, della letteratura, della musica, della danza e delle arti visive. Riconoscimento critico e patrimonio Anche dopo il suo ritiro, Gene Tierney continua a essere citata come punto di riferimento da registi e attori. Martin Scorsese dice che \u00e8 stata &#8220;una delle attrici pi\u00f9 affascinanti del cinema americano&#8221;, mentre Catherine Deneuve afferma di essere stata influenzata dalla sua grazia e dal suo mistero. La sua presenza nelle retrospettive della Cin\u00e9math\u00e8que fran\u00e7aise, del BFI e del MoMA testimonia un riconoscimento che attraversa le generazioni. &#8220;Era la bellezza tragica del cinema classico, , e il suo nome risuona ancora come un profumo di eternit\u00e0&#8221;. &#8211; Martin Scorsese.<\/p>\n","protected":false},"author":1,"featured_media":2182,"parent":0,"menu_order":0,"comment_status":"closed","ping_status":"closed","template":"","meta":{"inline_featured_image":false,"_vp_format_video_url":"","_vp_image_focal_point":[],"footnotes":""},"class_list":["post-2177","page","type-page","status-publish","has-post-thumbnail","hentry"],"_links":{"self":[{"href":"https:\/\/gene-tierney.art\/it\/wp-json\/wp\/v2\/pages\/2177","targetHints":{"allow":["GET"]}}],"collection":[{"href":"https:\/\/gene-tierney.art\/it\/wp-json\/wp\/v2\/pages"}],"about":[{"href":"https:\/\/gene-tierney.art\/it\/wp-json\/wp\/v2\/types\/page"}],"author":[{"embeddable":true,"href":"https:\/\/gene-tierney.art\/it\/wp-json\/wp\/v2\/users\/1"}],"replies":[{"embeddable":true,"href":"https:\/\/gene-tierney.art\/it\/wp-json\/wp\/v2\/comments?post=2177"}],"version-history":[{"count":7,"href":"https:\/\/gene-tierney.art\/it\/wp-json\/wp\/v2\/pages\/2177\/revisions"}],"predecessor-version":[{"id":3728,"href":"https:\/\/gene-tierney.art\/it\/wp-json\/wp\/v2\/pages\/2177\/revisions\/3728"}],"wp:featuredmedia":[{"embeddable":true,"href":"https:\/\/gene-tierney.art\/it\/wp-json\/wp\/v2\/media\/2182"}],"wp:attachment":[{"href":"https:\/\/gene-tierney.art\/it\/wp-json\/wp\/v2\/media?parent=2177"}],"curies":[{"name":"wp","href":"https:\/\/api.w.org\/{rel}","templated":true}]}}