{"id":2799,"date":"2026-02-09T14:56:03","date_gmt":"2026-02-09T14:56:03","guid":{"rendered":"https:\/\/gene-tierney.art\/crediti-fotografici\/"},"modified":"2026-02-24T12:57:03","modified_gmt":"2026-02-24T12:57:03","slug":"crediti-fotografici","status":"publish","type":"page","link":"https:\/\/gene-tierney.art\/it\/crediti-fotografici\/","title":{"rendered":"Crediti fotografici"},"content":{"rendered":"\t\t<div data-elementor-type=\"wp-post\" data-elementor-id=\"2799\" class=\"elementor elementor-2799 elementor-1446\">\n\t\t\t\t<div class=\"elementor-element elementor-element-d55d466 e-flex e-con-boxed wpr-particle-no wpr-jarallax-no wpr-parallax-no wpr-sticky-section-no wpr-equal-height-no e-con e-parent\" data-id=\"d55d466\" data-element_type=\"container\" data-e-type=\"container\" data-settings=\"{&quot;background_background&quot;:&quot;classic&quot;}\">\n\t\t\t\t\t<div class=\"e-con-inner\">\n\t\t\t\t<div class=\"elementor-element elementor-element-a22365e animated-slow elementor-invisible elementor-widget elementor-widget-heading\" data-id=\"a22365e\" data-element_type=\"widget\" data-e-type=\"widget\" data-settings=\"{&quot;_animation&quot;:&quot;fadeIn&quot;}\" data-widget_type=\"heading.default\">\n\t\t\t\t\t<h2 class=\"elementor-heading-title elementor-size-default\">CREDITI FOTOGRAFICI<\/h2>\t\t\t\t<\/div>\n\t\t\t\t\t<\/div>\n\t\t\t\t<\/div>\n\t\t<div class=\"elementor-element elementor-element-8720062 e-con-full e-flex wpr-particle-no wpr-jarallax-no wpr-parallax-no wpr-sticky-section-no wpr-equal-height-no e-con e-parent\" data-id=\"8720062\" data-element_type=\"container\" data-e-type=\"container\">\n\t\t\t\t<div class=\"elementor-element elementor-element-bff2756 elementor-widget elementor-widget-text-editor\" data-id=\"bff2756\" data-element_type=\"widget\" data-e-type=\"widget\" data-widget_type=\"text-editor.default\">\n\t\t\t\t\t\t\t\t\t<div><p>Archivi personali, Wikipedia e Paris Match.<br><span style=\"color: #000000; font-family: sans-serif; caret-color: #000000;\">Illustrazioni dell&#8217;artista Alejandro Mogollo D\u00edez <\/span>.  <\/p><p>Papavero blu, 2024, \u00a9 Urs Fischer. Foto: Stefan Altenburger. <\/p><p> <\/p><\/div><div><p><strong>Informazioni sulle fotografie e sul copyright<\/strong><br>Le fotografie presentate in questo sito provengono da archivi familiari privati.<br>Poich\u00e9 non \u00e8 stato possibile identificare gli autori delle fotografie, queste immagini sono pubblicate per scopi strettamente biografici, culturali e non commerciali.<\/p><p><strong>In Francia e nell&#8217;Unione Europea<\/strong>: In conformit\u00e0 al Codice della Propriet\u00e0 Intellettuale francese (articoli L122-5 e seguenti), queste riproduzioni vengono effettuate ad eccezione di brevi citazioni e illustrazioni a scopo di informazione pubblica. Si presume che le foto siano prive di diritti se il loro autore \u00e8 deceduto da pi\u00f9 di 70 anni o se, nonostante le ragionevoli indagini, non \u00e8 stata avanzata alcuna richiesta di diritti. <\/p><p><strong>Negli Stati Uniti<\/strong>: Queste immagini sono pubblicate nell&#8217;ambito del &#8220;fair use&#8221; (17 U.S.C. \u00a7 107), per scopi educativi, storici e non commerciali. Se un&#8217;immagine \u00e8 ancora protetta da copyright, viene riprodotta a scopo di documentazione e commento, senza alcuna intenzione di pregiudicare i diritti dell&#8217;autore o dei suoi aventi diritto. <\/p><p><strong>Diritti di immagine personale<\/strong>: le fotografie che possono ritrarre persone identificabili sono pubblicate nel rispetto della loro memoria e senza ledere la loro dignit\u00e0. Se sei un discendente o un rappresentante legale di una persona ritratta in un&#8217;immagine e desideri richiederne la rimozione, contattaci. <\/p><p>\u00c8 vietato qualsiasi riutilizzo, riproduzione o distribuzione delle immagini presenti in questo sito, al di fuori di questo ambito biografico e non commerciale.<\/p><\/div>\t\t\t\t\t\t\t\t<\/div>\n\t\t\t\t<div class=\"elementor-element elementor-element-1e5e252 elementor-widget elementor-widget-button\" data-id=\"1e5e252\" data-element_type=\"widget\" data-e-type=\"widget\" data-widget_type=\"button.default\">\n\t\t\t\t\t\t\t\t\t\t<a class=\"elementor-button elementor-button-link elementor-size-sm\" href=\"https:\/\/gene-tierney.art\/it\/?page_id=2051\">\n\t\t\t\t\t\t<span class=\"elementor-button-content-wrapper\">\n\t\t\t\t\t\t\t\t\t<span class=\"elementor-button-text\">CONTATTI<\/span>\n\t\t\t\t\t<\/span>\n\t\t\t\t\t<\/a>\n\t\t\t\t\t\t\t\t<\/div>\n\t\t\t\t<\/div>\n\t\t\t\t<\/div>\n\t\t","protected":false},"excerpt":{"rendered":"<p>CREDITI FOTOGRAFICI Archivi personali, Wikipedia e Paris Match.Illustrazioni dell&#8217;artista Alejandro Mogollo D\u00edez . Papavero blu, 2024, \u00a9 Urs Fischer. Foto: Stefan Altenburger. Informazioni sulle fotografie e sul copyrightLe fotografie presentate in questo sito provengono da archivi familiari privati.Poich\u00e9 non \u00e8 stato possibile identificare gli autori delle fotografie, queste immagini sono pubblicate per scopi strettamente biografici, culturali e non commerciali. In Francia e nell&#8217;Unione Europea: In conformit\u00e0 al Codice della Propriet\u00e0 Intellettuale francese (articoli L122-5 e seguenti), queste riproduzioni vengono effettuate ad eccezione di brevi citazioni e illustrazioni a scopo di informazione pubblica. Si presume che le foto siano prive di diritti se il loro autore \u00e8 deceduto da pi\u00f9 di 70 anni o se, nonostante le ragionevoli indagini, non \u00e8 stata avanzata alcuna richiesta di diritti. Negli Stati Uniti: Queste immagini sono pubblicate nell&#8217;ambito del &#8220;fair use&#8221; (17 U.S.C. \u00a7 107), per scopi educativi, storici e non commerciali. Se un&#8217;immagine \u00e8 ancora protetta da copyright, viene riprodotta a scopo di documentazione e commento, senza alcuna intenzione di pregiudicare i diritti dell&#8217;autore o dei suoi aventi diritto. Diritti di immagine personale: le fotografie che possono ritrarre persone identificabili sono pubblicate nel rispetto della loro memoria e senza ledere la loro dignit\u00e0. Se sei un discendente o un rappresentante legale di una persona ritratta in un&#8217;immagine e desideri richiederne la rimozione, contattaci. \u00c8 vietato qualsiasi riutilizzo, riproduzione o distribuzione delle immagini presenti in questo sito, al di fuori di questo ambito biografico e non commerciale. CONTATTI<\/p>\n","protected":false},"author":1,"featured_media":2228,"parent":0,"menu_order":0,"comment_status":"closed","ping_status":"closed","template":"","meta":{"inline_featured_image":false,"_vp_format_video_url":"","_vp_image_focal_point":[],"footnotes":""},"class_list":["post-2799","page","type-page","status-publish","has-post-thumbnail","hentry"],"_links":{"self":[{"href":"https:\/\/gene-tierney.art\/it\/wp-json\/wp\/v2\/pages\/2799","targetHints":{"allow":["GET"]}}],"collection":[{"href":"https:\/\/gene-tierney.art\/it\/wp-json\/wp\/v2\/pages"}],"about":[{"href":"https:\/\/gene-tierney.art\/it\/wp-json\/wp\/v2\/types\/page"}],"author":[{"embeddable":true,"href":"https:\/\/gene-tierney.art\/it\/wp-json\/wp\/v2\/users\/1"}],"replies":[{"embeddable":true,"href":"https:\/\/gene-tierney.art\/it\/wp-json\/wp\/v2\/comments?post=2799"}],"version-history":[{"count":2,"href":"https:\/\/gene-tierney.art\/it\/wp-json\/wp\/v2\/pages\/2799\/revisions"}],"predecessor-version":[{"id":3249,"href":"https:\/\/gene-tierney.art\/it\/wp-json\/wp\/v2\/pages\/2799\/revisions\/3249"}],"wp:featuredmedia":[{"embeddable":true,"href":"https:\/\/gene-tierney.art\/it\/wp-json\/wp\/v2\/media\/2228"}],"wp:attachment":[{"href":"https:\/\/gene-tierney.art\/it\/wp-json\/wp\/v2\/media?parent=2799"}],"curies":[{"name":"wp","href":"https:\/\/api.w.org\/{rel}","templated":true}]}}